{"id":30521,"date":"2024-02-07T11:43:05","date_gmt":"2024-02-07T10:43:05","guid":{"rendered":"https:\/\/jk-bazeni.hr\/strojarnice\/"},"modified":"2024-06-04T06:05:56","modified_gmt":"2024-06-04T05:05:56","slug":"locali-tecnici","status":"publish","type":"page","link":"https:\/\/jk-bazeni.hr\/it\/locali-tecnici\/","title":{"rendered":"Locali tecnici"},"content":{"rendered":"<p>[et_pb_section fb_built=&#8221;1&#8243; custom_padding_last_edited=&#8221;on|phone&#8221; _builder_version=&#8221;4.19.5&#8243; _module_preset=&#8221;default&#8221; use_background_color_gradient=&#8221;on&#8221; background_color_gradient_stops=&#8221;rgba(0,0,0,0.35) 0%|#000000 100%&#8221; background_color_gradient_overlays_image=&#8221;on&#8221; background_color_gradient_start=&#8221;rgba(0,0,0,0.35)&#8221; background_color_gradient_end=&#8221;#000000&#8243; background_image=&#8221;https:\/\/jk-bazeni.hr\/wp-content\/uploads\/2024\/02\/bazen.jpg&#8221; custom_padding=&#8221;190px|||||&#8221; custom_padding_tablet=&#8221;&#8221; custom_padding_phone=&#8221;50px||||false|false&#8221; saved_tabs=&#8221;all&#8221; global_colors_info=&#8221;{}&#8221;][et_pb_row _builder_version=&#8221;4.19.5&#8243; _module_preset=&#8221;default&#8221; max_width=&#8221;80%&#8221; global_colors_info=&#8221;{}&#8221;][et_pb_column type=&#8221;4_4&#8243; _builder_version=&#8221;4.16&#8243; _module_preset=&#8221;default&#8221; global_colors_info=&#8221;{}&#8221;][et_pb_post_title meta=&#8221;off&#8221; featured_image=&#8221;off&#8221; _builder_version=&#8221;4.19.5&#8243; _module_preset=&#8221;default&#8221; title_font=&#8221;|700|||||||&#8221; title_text_color=&#8221;#FFFFFF&#8221; title_font_size=&#8221;66px&#8221; title_font_size_tablet=&#8221;&#8221; title_font_size_phone=&#8221;39px&#8221; title_font_size_last_edited=&#8221;on|phone&#8221; global_colors_info=&#8221;{}&#8221;][\/et_pb_post_title][\/et_pb_column][\/et_pb_row][\/et_pb_section][et_pb_section fb_built=&#8221;1&#8243; _builder_version=&#8221;4.18.0&#8243; _module_preset=&#8221;default&#8221; custom_padding=&#8221;35px||35px||true|&#8221; global_colors_info=&#8221;{}&#8221;][et_pb_row use_custom_gutter=&#8221;on&#8221; gutter_width=&#8221;1&#8243; make_equal=&#8221;on&#8221; _builder_version=&#8221;4.19.5&#8243; _module_preset=&#8221;default&#8221; max_width=&#8221;100%&#8221; custom_padding=&#8221;||||false|false&#8221; global_colors_info=&#8221;{}&#8221;][et_pb_column type=&#8221;4_4&#8243; _builder_version=&#8221;4.18.0&#8243; _module_preset=&#8221;default&#8221; global_colors_info=&#8221;{}&#8221;][et_pb_text _builder_version=&#8221;4.19.5&#8243; _module_preset=&#8221;default&#8221; text_font=&#8221;|300|||||||&#8221; text_text_color=&#8221;#000000&#8243; text_font_size=&#8221;20px&#8221; text_line_height=&#8221;2.2em&#8221; hover_enabled=&#8221;0&#8243; global_colors_info=&#8221;{}&#8221; sticky_enabled=&#8221;0&#8243;]<\/p>\n<p><span style=\"font-weight: 400;\">Il locale tecnico interrato in poliestere \u00e8 la soluzione ideale per ospitare le attrezzature della piscina perch\u00e9, oltre a essere impermeabile, la sua installazione \u00e8 rapida e semplice e pu\u00f2 essere posizionato ovunque nel cortile. Tuttavia, \u00e8 importante considerare che \u00e8 consigliabile collocarlo il pi\u00f9 vicino possibile alla piscina per ridurre i costi di installazione e la potenza necessaria della pompa per il flusso dell&#8217;acqua.<\/span><\/p>\n<p>[\/et_pb_text][\/et_pb_column][\/et_pb_row][et_pb_row column_structure=&#8221;1_3,1_3,1_3&#8243; use_custom_gutter=&#8221;on&#8221; gutter_width=&#8221;1&#8243; make_equal=&#8221;on&#8221; _builder_version=&#8221;4.19.5&#8243; _module_preset=&#8221;default&#8221; max_width=&#8221;100%&#8221; custom_padding=&#8221;||||false|false&#8221; global_colors_info=&#8221;{}&#8221;][et_pb_column type=&#8221;1_3&#8243; _builder_version=&#8221;4.18.0&#8243; _module_preset=&#8221;default&#8221; global_colors_info=&#8221;{}&#8221;][et_pb_text _builder_version=&#8221;4.19.5&#8243; _module_preset=&#8221;default&#8221; text_font=&#8221;|300|||||||&#8221; text_text_color=&#8221;#000000&#8243; text_line_height=&#8221;2.2em&#8221; hover_enabled=&#8221;0&#8243; global_colors_info=&#8221;{}&#8221; sticky_enabled=&#8221;0&#8243;]<\/p>\n<p><strong>Dimensioni base del locale tecnico:<\/strong><\/p>\n<ul>\n<li><span style=\"font-weight: 400;\">Lunghezza:<\/span>\u00a0 \u00a0 \u00a0 \u00a0<span style=\"font-weight: 400;\">1,40 m<\/span><\/li>\n<li><span style=\"font-weight: 400;\">Larghezza:<\/span>\u00a0 \u00a0 \u00a0 \u00a0<span style=\"font-weight: 400;\">1,40 m<\/span><\/li>\n<li><span style=\"font-weight: 400;\">Altezza:<\/span>\u00a0 \u00a0 \u00a0 \u00a0 \u00a0<span style=\"font-weight: 400;\">1,40 m<\/span><\/li>\n<li><span style=\"font-weight: 400;\">Peso:<\/span>\u00a0 \u00a0 \u00a0 \u00a0 \u00a0 \u00a0 <span style=\"font-weight: 400;\">80,00 kg<\/span><\/li>\n<li><span style=\"font-weight: 400;\">Portata del coperchio: 250,00 kg<\/span><\/li>\n<\/ul>\n<p>[\/et_pb_text][\/et_pb_column][et_pb_column type=&#8221;1_3&#8243; _builder_version=&#8221;4.18.0&#8243; _module_preset=&#8221;default&#8221; global_colors_info=&#8221;{}&#8221;][et_pb_text _builder_version=&#8221;4.19.5&#8243; _module_preset=&#8221;default&#8221; text_font=&#8221;|300|||||||&#8221; text_text_color=&#8221;#000000&#8243; text_line_height=&#8221;2.2em&#8221; hover_enabled=&#8221;0&#8243; global_colors_info=&#8221;{}&#8221; sticky_enabled=&#8221;0&#8243;]<\/p>\n<p><strong>I locali tecnici sono disponibili in due opzioni:<\/strong><\/p>\n<ul>\n<li style=\"font-weight: 400;\" aria-level=\"1\"><span style=\"font-weight: 400;\">Non attrezzato (solo il corpo del locale tecnico),<\/span><\/li>\n<li style=\"font-weight: 400;\" aria-level=\"1\"><span style=\"font-weight: 400;\">Attrezzato (attrezzatura tipica per piscine o attrezzatura per piscine secondo le vostre esigenze).<\/span><\/li>\n<\/ul>\n<p>[\/et_pb_text][et_pb_button button_url=&#8221;#kontakt&#8221; button_text=&#8221;Inviaci una richiesta&#8221; _builder_version=&#8221;4.19.5&#8243; custom_button=&#8221;on&#8221; button_text_size=&#8221;17px&#8221; button_text_color=&#8221;#ffffff&#8221; button_bg_color=&#8221;#2dd6e2&#8243; button_border_width=&#8221;14px&#8221; button_border_color=&#8221;#2dd6e2&#8243; button_border_radius=&#8221;0px&#8221; button_letter_spacing=&#8221;2px&#8221; button_font=&#8221;Poppins|600|||||||&#8221; button_use_icon=&#8221;off&#8221; custom_padding=&#8221;||||true|true&#8221; hover_enabled=&#8221;0&#8243; global_colors_info=&#8221;{}&#8221; button_bg_color__hover_enabled=&#8221;on&#8221; button_bg_color__hover=&#8221;#1173db&#8221; button_letter_spacing__hover_enabled=&#8221;on&#8221; button_letter_spacing__hover=&#8221;3px&#8221; button_text_color__hover=&#8221;rgba(255,255,255,0.98)&#8221; button_text_color__hover_enabled=&#8221;on&#8221; button_border_color__hover=&#8221;#1173db&#8221; button_border_color__hover_enabled=&#8221;on&#8221; sticky_enabled=&#8221;0&#8243;][\/et_pb_button][\/et_pb_column][et_pb_column type=&#8221;1_3&#8243; _builder_version=&#8221;4.18.0&#8243; _module_preset=&#8221;default&#8221; global_colors_info=&#8221;{}&#8221;][\/et_pb_column][\/et_pb_row][et_pb_row use_custom_gutter=&#8221;on&#8221; gutter_width=&#8221;1&#8243; make_equal=&#8221;on&#8221; _builder_version=&#8221;4.19.5&#8243; _module_preset=&#8221;default&#8221; max_width=&#8221;100%&#8221; custom_padding=&#8221;||||false|false&#8221; global_colors_info=&#8221;{}&#8221;][et_pb_column type=&#8221;4_4&#8243; _builder_version=&#8221;4.19.5&#8243; _module_preset=&#8221;default&#8221; global_colors_info=&#8221;{}&#8221;][deg_elastic_gallery gallery_ids=&#8221;29352,29353,29354,29355,29357,29358,29359,29360,29361,29362,29363,29364,29365,29366,29367,29368&#8243; _builder_version=&#8221;4.19.5&#8243; _module_preset=&#8221;default&#8221; global_colors_info=&#8221;{}&#8221;][\/deg_elastic_gallery][\/et_pb_column][\/et_pb_row][et_pb_row use_custom_gutter=&#8221;on&#8221; gutter_width=&#8221;1&#8243; make_equal=&#8221;on&#8221; _builder_version=&#8221;4.19.5&#8243; _module_preset=&#8221;default&#8221; max_width=&#8221;100%&#8221; custom_padding=&#8221;||||false|false&#8221; global_colors_info=&#8221;{}&#8221;][et_pb_column type=&#8221;4_4&#8243; _builder_version=&#8221;4.19.5&#8243; _module_preset=&#8221;default&#8221; global_colors_info=&#8221;{}&#8221;][deg_elastic_gallery gallery_ids=&#8221;29625,29626,29627,29628,29629,29630,29631,29632,29633,29634,29635,29636&#8243; _builder_version=&#8221;4.19.5&#8243; _module_preset=&#8221;default&#8221; global_colors_info=&#8221;{}&#8221;][\/deg_elastic_gallery][\/et_pb_column][\/et_pb_row][\/et_pb_section]<\/p>\n","protected":false},"excerpt":{"rendered":"<p>Il locale tecnico interrato in poliestere \u00e8 la soluzione ideale per ospitare le attrezzature della piscina perch\u00e9, oltre a essere impermeabile, la sua installazione \u00e8 rapida e semplice e pu\u00f2 essere posizionato ovunque nel cortile. Tuttavia, \u00e8 importante considerare che \u00e8 consigliabile collocarlo il pi\u00f9 vicino possibile alla piscina per ridurre i costi di installazione [&hellip;]<\/p>\n","protected":false},"author":2,"featured_media":0,"parent":0,"menu_order":0,"comment_status":"closed","ping_status":"closed","template":"","meta":{"_et_pb_use_builder":"on","_et_pb_old_content":"","_et_gb_content_width":""},"_links":{"self":[{"href":"https:\/\/jk-bazeni.hr\/it\/wp-json\/wp\/v2\/pages\/30521"}],"collection":[{"href":"https:\/\/jk-bazeni.hr\/it\/wp-json\/wp\/v2\/pages"}],"about":[{"href":"https:\/\/jk-bazeni.hr\/it\/wp-json\/wp\/v2\/types\/page"}],"author":[{"embeddable":true,"href":"https:\/\/jk-bazeni.hr\/it\/wp-json\/wp\/v2\/users\/2"}],"replies":[{"embeddable":true,"href":"https:\/\/jk-bazeni.hr\/it\/wp-json\/wp\/v2\/comments?post=30521"}],"version-history":[{"count":2,"href":"https:\/\/jk-bazeni.hr\/it\/wp-json\/wp\/v2\/pages\/30521\/revisions"}],"predecessor-version":[{"id":30616,"href":"https:\/\/jk-bazeni.hr\/it\/wp-json\/wp\/v2\/pages\/30521\/revisions\/30616"}],"wp:attachment":[{"href":"https:\/\/jk-bazeni.hr\/it\/wp-json\/wp\/v2\/media?parent=30521"}],"curies":[{"name":"wp","href":"https:\/\/api.w.org\/{rel}","templated":true}]}}