{"id":30514,"date":"2024-02-07T10:59:46","date_gmt":"2024-02-07T09:59:46","guid":{"rendered":"https:\/\/jk-bazeni.hr\/konzultacije\/"},"modified":"2024-06-04T06:04:42","modified_gmt":"2024-06-04T05:04:42","slug":"konsultazioni","status":"publish","type":"page","link":"https:\/\/jk-bazeni.hr\/it\/konsultazioni\/","title":{"rendered":"Konsultazioni"},"content":{"rendered":"<p>[et_pb_section fb_built=&#8221;1&#8243; custom_padding_last_edited=&#8221;on|phone&#8221; _builder_version=&#8221;4.19.5&#8243; _module_preset=&#8221;default&#8221; use_background_color_gradient=&#8221;on&#8221; background_color_gradient_stops=&#8221;rgba(0,0,0,0.35) 0%|#000000 100%&#8221; background_color_gradient_overlays_image=&#8221;on&#8221; background_color_gradient_start=&#8221;rgba(0,0,0,0.35)&#8221; background_color_gradient_end=&#8221;#000000&#8243; background_image=&#8221;https:\/\/jk-bazeni.hr\/wp-content\/uploads\/2024\/02\/bazen.jpg&#8221; custom_padding=&#8221;190px|||||&#8221; custom_padding_tablet=&#8221;&#8221; custom_padding_phone=&#8221;50px||||false|false&#8221; saved_tabs=&#8221;all&#8221; global_colors_info=&#8221;{}&#8221;][et_pb_row _builder_version=&#8221;4.19.5&#8243; _module_preset=&#8221;default&#8221; max_width=&#8221;80%&#8221; global_colors_info=&#8221;{}&#8221;][et_pb_column type=&#8221;4_4&#8243; _builder_version=&#8221;4.16&#8243; _module_preset=&#8221;default&#8221; global_colors_info=&#8221;{}&#8221;][et_pb_post_title meta=&#8221;off&#8221; featured_image=&#8221;off&#8221; _builder_version=&#8221;4.19.5&#8243; _module_preset=&#8221;default&#8221; title_font=&#8221;|700|||||||&#8221; title_text_color=&#8221;#FFFFFF&#8221; title_font_size=&#8221;66px&#8221; title_font_size_tablet=&#8221;&#8221; title_font_size_phone=&#8221;39px&#8221; title_font_size_last_edited=&#8221;on|phone&#8221; global_colors_info=&#8221;{}&#8221;][\/et_pb_post_title][\/et_pb_column][\/et_pb_row][\/et_pb_section][et_pb_section fb_built=&#8221;1&#8243; _builder_version=&#8221;4.18.0&#8243; _module_preset=&#8221;default&#8221; custom_padding=&#8221;35px||35px||true|&#8221; global_colors_info=&#8221;{}&#8221;][et_pb_row use_custom_gutter=&#8221;on&#8221; gutter_width=&#8221;1&#8243; make_equal=&#8221;on&#8221; _builder_version=&#8221;4.18.0&#8243; _module_preset=&#8221;default&#8221; max_width=&#8221;100%&#8221; custom_padding=&#8221;0px||0px|||&#8221; global_colors_info=&#8221;{}&#8221;][et_pb_column type=&#8221;4_4&#8243; _builder_version=&#8221;4.18.0&#8243; _module_preset=&#8221;default&#8221; global_colors_info=&#8221;{}&#8221;][et_pb_text _builder_version=&#8221;4.19.5&#8243; _module_preset=&#8221;default&#8221; text_font=&#8221;|300|||||||&#8221; text_text_color=&#8221;#000000&#8243; text_font_size=&#8221;19px&#8221; hover_enabled=&#8221;0&#8243; global_colors_info=&#8221;{}&#8221; sticky_enabled=&#8221;0&#8243;]<\/p>\n<p><span style=\"font-weight: 400;\">La costruzione di una piscina \u00e8 un processo complesso che richiede una buona preparazione e pianificazione.<\/span><\/p>\n<p><strong>Il nostro team vi fornir\u00e0 indicazioni e consigli su come scegliere la posizione ideale, nonch\u00e9 la forma, la dimensione e il colore della piscina.<\/strong><\/p>\n<p>&nbsp;<\/p>\n<p>[\/et_pb_text][et_pb_button button_url=&#8221;#kontakt&#8221; button_text=&#8221;Inviaci una richiesta&#8221; _builder_version=&#8221;4.19.5&#8243; custom_button=&#8221;on&#8221; button_text_size=&#8221;17px&#8221; button_text_color=&#8221;#ffffff&#8221; button_bg_color=&#8221;#2dd6e2&#8243; button_border_width=&#8221;14px&#8221; button_border_color=&#8221;#2dd6e2&#8243; button_border_radius=&#8221;0px&#8221; button_letter_spacing=&#8221;2px&#8221; button_font=&#8221;Poppins|600|||||||&#8221; button_use_icon=&#8221;off&#8221; custom_padding=&#8221;||||true|true&#8221; hover_enabled=&#8221;0&#8243; global_colors_info=&#8221;{}&#8221; button_bg_color__hover_enabled=&#8221;on&#8221; button_bg_color__hover=&#8221;#1173db&#8221; button_letter_spacing__hover_enabled=&#8221;on&#8221; button_letter_spacing__hover=&#8221;3px&#8221; button_text_color__hover=&#8221;rgba(255,255,255,0.98)&#8221; button_text_color__hover_enabled=&#8221;on&#8221; button_border_color__hover=&#8221;#1173db&#8221; button_border_color__hover_enabled=&#8221;on&#8221; sticky_enabled=&#8221;0&#8243;][\/et_pb_button][\/et_pb_column][\/et_pb_row][et_pb_row _builder_version=&#8221;4.19.5&#8243; _module_preset=&#8221;default&#8221; global_colors_info=&#8221;{}&#8221;][et_pb_column type=&#8221;4_4&#8243; _builder_version=&#8221;4.19.5&#8243; _module_preset=&#8221;default&#8221; global_colors_info=&#8221;{}&#8221;][et_pb_text _builder_version=&#8221;4.19.5&#8243; _module_preset=&#8221;default&#8221; header_2_text_align=&#8221;center&#8221; hover_enabled=&#8221;0&#8243; global_colors_info=&#8221;{}&#8221; sticky_enabled=&#8221;0&#8243;]<\/p>\n<h2><strong>Ecco alcune linee guida generali:<\/strong><\/h2>\n<p>[\/et_pb_text][\/et_pb_column][\/et_pb_row][et_pb_row column_structure=&#8221;1_4,1_4,1_4,1_4&#8243; use_custom_gutter=&#8221;on&#8221; gutter_width=&#8221;2&#8243; make_equal=&#8221;on&#8221; _builder_version=&#8221;4.19.5&#8243; _module_preset=&#8221;default&#8221; max_width=&#8221;100%&#8221; custom_margin=&#8221;0px||||false|false&#8221; custom_padding=&#8221;||||false|false&#8221; global_colors_info=&#8221;{}&#8221;][et_pb_column type=&#8221;1_4&#8243; _builder_version=&#8221;4.18.0&#8243; _module_preset=&#8221;default&#8221; global_colors_info=&#8221;{}&#8221;][et_pb_icon font_icon=&#8221;&#xf14a;||fa||900&#8243; icon_color=&#8221;#206892&#8243; icon_width=&#8221;65px&#8221; icon_width_tablet=&#8221;65px&#8221; icon_width_phone=&#8221;55px&#8221; icon_width_last_edited=&#8221;on|phone&#8221; _builder_version=&#8221;4.19.5&#8243; _module_preset=&#8221;default&#8221; global_colors_info=&#8221;{}&#8221;][\/et_pb_icon][et_pb_text _builder_version=&#8221;4.19.5&#8243; _module_preset=&#8221;default&#8221; text_font=&#8221;|300|||||||&#8221; text_text_color=&#8221;#000000&#8243; hover_enabled=&#8221;0&#8243; global_colors_info=&#8221;{}&#8221; sticky_enabled=&#8221;0&#8243;]<\/p>\n<p><strong>POSIZIONAMENTO DELLA PISCINA:<\/strong><\/p>\n<p><span style=\"font-weight: 400;\">Scegliete un&#8217;area del terreno che sia soleggiata, recintata e sufficientemente spaziosa per la piscina e la terrazza circostante.<\/span><\/p>\n<p>[\/et_pb_text][\/et_pb_column][et_pb_column type=&#8221;1_4&#8243; _builder_version=&#8221;4.18.0&#8243; _module_preset=&#8221;default&#8221; global_colors_info=&#8221;{}&#8221;][et_pb_icon font_icon=&#8221;&#xf14a;||fa||900&#8243; icon_color=&#8221;#206892&#8243; icon_width=&#8221;65px&#8221; icon_width_tablet=&#8221;65px&#8221; icon_width_phone=&#8221;55px&#8221; icon_width_last_edited=&#8221;on|phone&#8221; _builder_version=&#8221;4.19.5&#8243; _module_preset=&#8221;default&#8221; global_colors_info=&#8221;{}&#8221;][\/et_pb_icon][et_pb_text _builder_version=&#8221;4.19.5&#8243; _module_preset=&#8221;default&#8221; text_font=&#8221;|300|||||||&#8221; text_text_color=&#8221;#000000&#8243; hover_enabled=&#8221;0&#8243; global_colors_info=&#8221;{}&#8221; sticky_enabled=&#8221;0&#8243;]<\/p>\n<p><strong>SCELTA DEL TIPO DI PISCINA:<\/strong><\/p>\n<p><span style=\"font-weight: 400;\">Scegliete il tipo di piscina che pi\u00f9 vi si addice: interrata o fuori terra.<\/span><\/p>\n<p><span style=\"font-weight: 400;\">Ogni tipo di piscina ha i suoi vantaggi e svantaggi e diversi costi di costruzione.<\/span><\/p>\n<p>[\/et_pb_text][\/et_pb_column][et_pb_column type=&#8221;1_4&#8243; _builder_version=&#8221;4.18.0&#8243; _module_preset=&#8221;default&#8221; global_colors_info=&#8221;{}&#8221;][et_pb_icon font_icon=&#8221;&#xf14a;||fa||900&#8243; icon_color=&#8221;#206892&#8243; icon_width=&#8221;65px&#8221; icon_width_tablet=&#8221;65px&#8221; icon_width_phone=&#8221;55px&#8221; icon_width_last_edited=&#8221;on|phone&#8221; _builder_version=&#8221;4.19.5&#8243; _module_preset=&#8221;default&#8221; global_colors_info=&#8221;{}&#8221;][\/et_pb_icon][et_pb_text _builder_version=&#8221;4.19.5&#8243; _module_preset=&#8221;default&#8221; text_font=&#8221;|300|||||||&#8221; text_text_color=&#8221;#000000&#8243; hover_enabled=&#8221;0&#8243; global_colors_info=&#8221;{}&#8221; sticky_enabled=&#8221;0&#8243;]<\/p>\n<p><strong>SCELTA DELL&#8217;APPALTATORE:<\/strong><\/p>\n<p><span style=\"font-weight: 400;\">Stabilite un budget e trovate un buon produttore che vi aiuti a scegliere l&#8217;opzione migliore per la vostra propriet\u00e0.<\/span><\/p>\n<p><span style=\"font-weight: 400;\">Non trascurate la possibilit\u00e0 di mantenere il contatto post-vendita con il produttore, poich\u00e9 \u00e8 estremamente importante che sia disponibile in caso di problemi con la qualit\u00e0 dell&#8217;acqua della piscina o con il funzionamento delle attrezzature della piscina.<\/span><\/p>\n<p>[\/et_pb_text][\/et_pb_column][et_pb_column type=&#8221;1_4&#8243; _builder_version=&#8221;4.18.0&#8243; _module_preset=&#8221;default&#8221; global_colors_info=&#8221;{}&#8221;][et_pb_icon font_icon=&#8221;&#xf14a;||fa||900&#8243; icon_color=&#8221;#206892&#8243; icon_width=&#8221;65px&#8221; icon_width_tablet=&#8221;65px&#8221; icon_width_phone=&#8221;55px&#8221; icon_width_last_edited=&#8221;on|phone&#8221; _builder_version=&#8221;4.19.5&#8243; _module_preset=&#8221;default&#8221; global_colors_info=&#8221;{}&#8221;][\/et_pb_icon][et_pb_text _builder_version=&#8221;4.19.5&#8243; _module_preset=&#8221;default&#8221; text_font=&#8221;|300|||||||&#8221; text_text_color=&#8221;#000000&#8243; hover_enabled=&#8221;0&#8243; global_colors_info=&#8221;{}&#8221; sticky_enabled=&#8221;0&#8243;]<\/p>\n<p><strong>SCELTA DEGLI ACCESSORI AGGIUNTIVI:<\/strong><\/p>\n<p><span style=\"font-weight: 400;\">Le attrazioni per piscine migliorano sia l&#8217;aspetto visivo complessivo della piscina sia il piacere di utilizzarla. \u00c8 importante prestare particolare attenzione alle attrazioni la cui installazione successiva \u00e8 complessa e quindi molto pi\u00f9 costosa rispetto all&#8217;installazione durante la costruzione della piscina.<\/span><\/p>\n<p>[\/et_pb_text][\/et_pb_column][\/et_pb_row][et_pb_row column_structure=&#8221;1_4,1_4,1_4,1_4&#8243; use_custom_gutter=&#8221;on&#8221; gutter_width=&#8221;2&#8243; make_equal=&#8221;on&#8221; _builder_version=&#8221;4.19.5&#8243; _module_preset=&#8221;default&#8221; max_width=&#8221;100%&#8221; custom_margin=&#8221;0px||||false|false&#8221; custom_padding=&#8221;||||false|false&#8221; global_colors_info=&#8221;{}&#8221;][et_pb_column type=&#8221;1_4&#8243; _builder_version=&#8221;4.18.0&#8243; _module_preset=&#8221;default&#8221; global_colors_info=&#8221;{}&#8221;][et_pb_icon font_icon=&#8221;&#xf14a;||fa||900&#8243; icon_color=&#8221;#206892&#8243; icon_width=&#8221;65px&#8221; icon_width_tablet=&#8221;65px&#8221; icon_width_phone=&#8221;55px&#8221; icon_width_last_edited=&#8221;on|phone&#8221; _builder_version=&#8221;4.19.5&#8243; _module_preset=&#8221;default&#8221; global_colors_info=&#8221;{}&#8221;][\/et_pb_icon][et_pb_text _builder_version=&#8221;4.19.5&#8243; _module_preset=&#8221;default&#8221; text_font=&#8221;|300|||||||&#8221; text_text_color=&#8221;#000000&#8243; hover_enabled=&#8221;0&#8243; global_colors_info=&#8221;{}&#8221; sticky_enabled=&#8221;0&#8243;]<\/p>\n<p><strong>METODO DI MANTENIMENTO DELLA QUALIT\u00c0 DELL&#8217;ACQUA:<\/strong><\/p>\n<p><span style=\"font-weight: 400;\">Considerate quanto tempo potete dedicare alla manutenzione della piscina. Le opzioni di mantenimento della qualit\u00e0 dell&#8217;acqua tramite elettrolisi e la pulizia della piscina con robot rappresentano un investimento iniziale maggiore, ma vi lasciano pi\u00f9 tempo libero, che oggi \u00e8 diventato inestimabile.<\/span><\/p>\n<p>[\/et_pb_text][\/et_pb_column][et_pb_column type=&#8221;1_4&#8243; _builder_version=&#8221;4.18.0&#8243; _module_preset=&#8221;default&#8221; global_colors_info=&#8221;{}&#8221;][et_pb_icon font_icon=&#8221;&#xf14a;||fa||900&#8243; icon_color=&#8221;#206892&#8243; icon_width=&#8221;65px&#8221; icon_width_tablet=&#8221;65px&#8221; icon_width_phone=&#8221;55px&#8221; icon_width_last_edited=&#8221;on|phone&#8221; _builder_version=&#8221;4.19.5&#8243; _module_preset=&#8221;default&#8221; global_colors_info=&#8221;{}&#8221;][\/et_pb_icon][et_pb_text _builder_version=&#8221;4.19.5&#8243; _module_preset=&#8221;default&#8221; text_font=&#8221;|300|||||||&#8221; text_text_color=&#8221;#000000&#8243; hover_enabled=&#8221;0&#8243; global_colors_info=&#8221;{}&#8221; sticky_enabled=&#8221;0&#8243;]<\/p>\n<p><strong>SCELTA DEL TIPO DI LOCALE TECNICO:<\/strong><\/p>\n<p><span style=\"font-weight: 400;\">Le attrezzature per piscine sono piene di elettronica sensibile, quindi \u00e8 importante che siano collocate in un luogo asciutto. I locali tecnici in poliestere sono una scelta ideale grazie alla loro impermeabilit\u00e0 e al grande coperchio che consente un comodo accesso durante i lavori di manutenzione nel locale tecnico.<\/span><\/p>\n<p><span style=\"font-weight: 400;\">L&#8217;altra opzione \u00e8 collocare le attrezzature in uno spazio esistente che deve essere asciutto, il pi\u00f9 vicino possibile alla piscina e deve avere la possibilit\u00e0 di essere ventilato.<\/span><\/p>\n<p>[\/et_pb_text][\/et_pb_column][et_pb_column type=&#8221;1_4&#8243; _builder_version=&#8221;4.18.0&#8243; _module_preset=&#8221;default&#8221; global_colors_info=&#8221;{}&#8221;][et_pb_icon font_icon=&#8221;&#xf14a;||fa||900&#8243; icon_color=&#8221;#206892&#8243; icon_width=&#8221;65px&#8221; icon_width_tablet=&#8221;65px&#8221; icon_width_phone=&#8221;55px&#8221; icon_width_last_edited=&#8221;on|phone&#8221; _builder_version=&#8221;4.19.5&#8243; _module_preset=&#8221;default&#8221; global_colors_info=&#8221;{}&#8221;][\/et_pb_icon][et_pb_text _builder_version=&#8221;4.19.5&#8243; _module_preset=&#8221;default&#8221; text_font=&#8221;|300|||||||&#8221; text_text_color=&#8221;#000000&#8243; hover_enabled=&#8221;0&#8243; global_colors_info=&#8221;{}&#8221; sticky_enabled=&#8221;0&#8243;]<\/p>\n<p><strong>LASTRA DI CALCESTRUZZO:<\/strong><\/p>\n<p><span style=\"font-weight: 400;\">Assicuratevi che la lastra di calcestruzzo sia realizzata con qualit\u00e0.<\/span><\/p>\n<p>[\/et_pb_text][\/et_pb_column][et_pb_column type=&#8221;1_4&#8243; _builder_version=&#8221;4.18.0&#8243; _module_preset=&#8221;default&#8221; global_colors_info=&#8221;{}&#8221;][et_pb_icon font_icon=&#8221;&#xf14a;||fa||900&#8243; icon_color=&#8221;#206892&#8243; icon_width=&#8221;65px&#8221; icon_width_tablet=&#8221;65px&#8221; icon_width_phone=&#8221;55px&#8221; icon_width_last_edited=&#8221;on|phone&#8221; _builder_version=&#8221;4.19.5&#8243; _module_preset=&#8221;default&#8221; global_colors_info=&#8221;{}&#8221;][\/et_pb_icon][et_pb_text _builder_version=&#8221;4.19.5&#8243; _module_preset=&#8221;default&#8221; text_font=&#8221;|300|||||||&#8221; text_text_color=&#8221;#000000&#8243; hover_enabled=&#8221;0&#8243; global_colors_info=&#8221;{}&#8221; sticky_enabled=&#8221;0&#8243;]<\/p>\n<p><strong>SISTEMAZIONE DELL&#8217;AMBIENTE:<\/strong><\/p>\n<p><span style=\"font-weight: 400;\">Sistemate l&#8217;ambiente intorno alla piscina e adattatelo all&#8217;architettura della casa e allo stile di arredamento. Potete aggiungere piante, mobili, gazebo, fontana o altri elementi decorativi.<\/span><\/p>\n<p>[\/et_pb_text][\/et_pb_column][\/et_pb_row][et_pb_row use_custom_gutter=&#8221;on&#8221; gutter_width=&#8221;2&#8243; make_equal=&#8221;on&#8221; _builder_version=&#8221;4.19.5&#8243; _module_preset=&#8221;default&#8221; max_width=&#8221;100%&#8221; custom_margin=&#8221;0px||||false|false&#8221; custom_padding=&#8221;||||false|false&#8221; global_colors_info=&#8221;{}&#8221;][et_pb_column type=&#8221;4_4&#8243; _builder_version=&#8221;4.19.5&#8243; _module_preset=&#8221;default&#8221; global_colors_info=&#8221;{}&#8221;][et_pb_text _builder_version=&#8221;4.19.5&#8243; _module_preset=&#8221;default&#8221; text_text_color=&#8221;#000000&#8243; text_font_size=&#8221;21px&#8221; hover_enabled=&#8221;0&#8243; global_colors_info=&#8221;{}&#8221; sticky_enabled=&#8221;0&#8243;]<\/p>\n<p><strong>Spero che vi abbiamo aiutato a comprendere meglio cosa considerare prima dell&#8217;installazione della piscina. Per qualsiasi altra domanda, siamo a vostra disposizione.<\/strong><\/p>\n<p>[\/et_pb_text][\/et_pb_column][\/et_pb_row][et_pb_row use_custom_gutter=&#8221;on&#8221; gutter_width=&#8221;2&#8243; make_equal=&#8221;on&#8221; _builder_version=&#8221;4.19.5&#8243; _module_preset=&#8221;default&#8221; max_width=&#8221;100%&#8221; custom_margin=&#8221;0px||||false|false&#8221; custom_padding=&#8221;||||false|false&#8221; global_colors_info=&#8221;{}&#8221;][et_pb_column type=&#8221;4_4&#8243; _builder_version=&#8221;4.19.5&#8243; _module_preset=&#8221;default&#8221; global_colors_info=&#8221;{}&#8221;][deg_elastic_gallery gallery_ids=&#8221;29310,29311,29312,29313&#8243; _builder_version=&#8221;4.19.5&#8243; _module_preset=&#8221;default&#8221; global_colors_info=&#8221;{}&#8221;][\/deg_elastic_gallery][\/et_pb_column][\/et_pb_row][\/et_pb_section]<\/p>\n","protected":false},"excerpt":{"rendered":"<p>La costruzione di una piscina \u00e8 un processo complesso che richiede una buona preparazione e pianificazione. Il nostro team vi fornir\u00e0 indicazioni e consigli su come scegliere la posizione ideale, nonch\u00e9 la forma, la dimensione e il colore della piscina. &nbsp; Ecco alcune linee guida generali: POSIZIONAMENTO DELLA PISCINA: Scegliete un&#8217;area del terreno che sia [&hellip;]<\/p>\n","protected":false},"author":2,"featured_media":0,"parent":0,"menu_order":0,"comment_status":"closed","ping_status":"closed","template":"","meta":{"_et_pb_use_builder":"on","_et_pb_old_content":"","_et_gb_content_width":""},"_links":{"self":[{"href":"https:\/\/jk-bazeni.hr\/it\/wp-json\/wp\/v2\/pages\/30514"}],"collection":[{"href":"https:\/\/jk-bazeni.hr\/it\/wp-json\/wp\/v2\/pages"}],"about":[{"href":"https:\/\/jk-bazeni.hr\/it\/wp-json\/wp\/v2\/types\/page"}],"author":[{"embeddable":true,"href":"https:\/\/jk-bazeni.hr\/it\/wp-json\/wp\/v2\/users\/2"}],"replies":[{"embeddable":true,"href":"https:\/\/jk-bazeni.hr\/it\/wp-json\/wp\/v2\/comments?post=30514"}],"version-history":[{"count":2,"href":"https:\/\/jk-bazeni.hr\/it\/wp-json\/wp\/v2\/pages\/30514\/revisions"}],"predecessor-version":[{"id":30612,"href":"https:\/\/jk-bazeni.hr\/it\/wp-json\/wp\/v2\/pages\/30514\/revisions\/30612"}],"wp:attachment":[{"href":"https:\/\/jk-bazeni.hr\/it\/wp-json\/wp\/v2\/media?parent=30514"}],"curies":[{"name":"wp","href":"https:\/\/api.w.org\/{rel}","templated":true}]}}