{"id":30499,"date":"2024-02-07T11:51:03","date_gmt":"2024-02-07T10:51:03","guid":{"rendered":"https:\/\/jk-bazeni.hr\/odrzavanje-bazena\/"},"modified":"2024-06-04T05:55:31","modified_gmt":"2024-06-04T04:55:31","slug":"manutenzione-della-piscina","status":"publish","type":"page","link":"https:\/\/jk-bazeni.hr\/it\/manutenzione-della-piscina\/","title":{"rendered":"Manutenzione della piscina"},"content":{"rendered":"<p>[et_pb_section fb_built=&#8221;1&#8243; _builder_version=&#8221;4.19.5&#8243; _module_preset=&#8221;default&#8221; use_background_color_gradient=&#8221;on&#8221; background_color_gradient_stops=&#8221;rgba(0,0,0,0.35) 0%|#000000 100%&#8221; background_color_gradient_overlays_image=&#8221;on&#8221; background_color_gradient_start=&#8221;rgba(0,0,0,0.35)&#8221; background_color_gradient_end=&#8221;#000000&#8243; background_image=&#8221;https:\/\/jk-bazeni.hr\/wp-content\/uploads\/2024\/02\/bazen.jpg&#8221; custom_padding=&#8221;190px|||||&#8221; saved_tabs=&#8221;all&#8221; global_colors_info=&#8221;{}&#8221;][et_pb_row _builder_version=&#8221;4.16&#8243; _module_preset=&#8221;default&#8221; global_colors_info=&#8221;{}&#8221;][et_pb_column type=&#8221;4_4&#8243; _builder_version=&#8221;4.16&#8243; _module_preset=&#8221;default&#8221; global_colors_info=&#8221;{}&#8221;][et_pb_post_title meta=&#8221;off&#8221; featured_image=&#8221;off&#8221; _builder_version=&#8221;4.16&#8243; _module_preset=&#8221;default&#8221; title_font=&#8221;|700|||||||&#8221; title_text_color=&#8221;#FFFFFF&#8221; title_font_size=&#8221;66px&#8221; global_colors_info=&#8221;{}&#8221;][\/et_pb_post_title][\/et_pb_column][\/et_pb_row][\/et_pb_section][et_pb_section fb_built=&#8221;1&#8243; _builder_version=&#8221;4.18.0&#8243; _module_preset=&#8221;default&#8221; custom_padding=&#8221;35px||35px||true|&#8221; global_colors_info=&#8221;{}&#8221;][et_pb_row use_custom_gutter=&#8221;on&#8221; gutter_width=&#8221;1&#8243; make_equal=&#8221;on&#8221; _builder_version=&#8221;4.19.5&#8243; _module_preset=&#8221;default&#8221; max_width=&#8221;100%&#8221; custom_padding=&#8221;||||false|false&#8221; global_colors_info=&#8221;{}&#8221;][et_pb_column type=&#8221;4_4&#8243; _builder_version=&#8221;4.18.0&#8243; _module_preset=&#8221;default&#8221; global_colors_info=&#8221;{}&#8221;][et_pb_text _builder_version=&#8221;4.19.5&#8243; _module_preset=&#8221;default&#8221; text_font=&#8221;|300|||||||&#8221; text_text_color=&#8221;#000000&#8243; text_font_size=&#8221;19px&#8221; custom_padding=&#8221;||31px|||&#8221; hover_enabled=&#8221;0&#8243; global_colors_info=&#8221;{}&#8221; sticky_enabled=&#8221;0&#8243;]<\/p>\n<p><span style=\"font-weight: 400;\">\u00c8 necessario mantenere regolarmente la piscina per garantire la qualit\u00e0 dell&#8217;acqua e proteggere i dispositivi che vi funzionano.<\/span><\/p>\n<p><span style=\"font-weight: 400;\">Una corretta manutenzione settimanale \u00e8 fondamentale per prolungare la vita e la pulizia della piscina. Eseguire regolarmente piccoli e semplici compiti pu\u00f2 ridurre la somma da spendere per le riparazioni e altri costosi interventi di manutenzione quando i piccoli problemi si trasformano in qualcosa di molto pi\u00f9 serio.<\/span><\/p>\n<p><strong><i>La qualit\u00e0 dell&#8217;acqua in piscina \u00e8 estremamente importante per la salute dei bagnanti e per la protezione dei dispositivi della piscina.<\/i><\/strong><\/p>\n<p>[\/et_pb_text][et_pb_button button_url=&#8221;#kontakt&#8221; button_text=&#8221;Contattaci&#8221; _builder_version=&#8221;4.19.5&#8243; custom_button=&#8221;on&#8221; button_text_size=&#8221;17px&#8221; button_text_color=&#8221;#ffffff&#8221; button_bg_color=&#8221;#2dd6e2&#8243; button_border_width=&#8221;14px&#8221; button_border_color=&#8221;#2dd6e2&#8243; button_border_radius=&#8221;0px&#8221; button_letter_spacing=&#8221;2px&#8221; button_font=&#8221;Poppins|600|||||||&#8221; button_use_icon=&#8221;off&#8221; custom_padding=&#8221;||||true|true&#8221; hover_enabled=&#8221;0&#8243; global_colors_info=&#8221;{}&#8221; button_bg_color__hover_enabled=&#8221;on&#8221; button_bg_color__hover=&#8221;#1173db&#8221; button_letter_spacing__hover_enabled=&#8221;on&#8221; button_letter_spacing__hover=&#8221;3px&#8221; button_text_color__hover=&#8221;rgba(255,255,255,0.98)&#8221; button_text_color__hover_enabled=&#8221;on&#8221; button_border_color__hover=&#8221;#1173db&#8221; button_border_color__hover_enabled=&#8221;on&#8221; sticky_enabled=&#8221;0&#8243;][\/et_pb_button][\/et_pb_column][\/et_pb_row][et_pb_row use_custom_gutter=&#8221;on&#8221; gutter_width=&#8221;1&#8243; make_equal=&#8221;on&#8221; _builder_version=&#8221;4.19.5&#8243; _module_preset=&#8221;default&#8221; max_width=&#8221;100%&#8221; custom_padding=&#8221;||||false|false&#8221; global_colors_info=&#8221;{}&#8221;][et_pb_column type=&#8221;4_4&#8243; _builder_version=&#8221;4.18.0&#8243; _module_preset=&#8221;default&#8221; global_colors_info=&#8221;{}&#8221;][et_pb_text _builder_version=&#8221;4.19.5&#8243; _module_preset=&#8221;default&#8221; text_font=&#8221;|300|||||||&#8221; text_text_color=&#8221;#000000&#8243; header_3_line_height=&#8221;1.4em&#8221; hover_enabled=&#8221;0&#8243; global_colors_info=&#8221;{}&#8221; sticky_enabled=&#8221;0&#8243;]<\/p>\n<h3><strong>PREPARAZIONE DELLA PISCINA PER LA STAGIONE<\/strong><\/h3>\n<p><span style=\"font-weight: 400;\">Prima di rimuovere la copertura invernale dalla piscina, pulite l&#8217;area circostante da foglie, rametti e altre impurit\u00e0 che potrebbero cadere nell&#8217;acqua.<\/span><\/p>\n<p><span style=\"font-weight: 400;\">Lavate, asciugate e riponete la copertura in un luogo asciutto e chiuso.<\/span><\/p>\n<p><span style=\"font-weight: 400;\">Rimuovete con una rete tutte le impurit\u00e0 pi\u00f9 grandi che galleggiano sulla superficie dell&#8217;acqua o sono cadute sul fondo della piscina.<\/span><\/p>\n<p><span style=\"font-weight: 400;\">Ispezionate visivamente tutta l&#8217;attrezzatura della piscina (tubi, raccordi, valvole, filtro, pompa, illuminazione, scale, bocchette&#8230;) e verificate se ci sono danni o guasti. Se necessario, sostituite la sabbia al quarzo nel filtro o utilizzate un riempimento filtrante in vetro che ha una durata maggiore e migliori prestazioni.<\/span><\/p>\n<p><span style=\"font-weight: 400;\">Pulite a fondo tutte le superfici della piscina con un detergente per rimuovere le impurit\u00e0 organiche (polvere, grassi, oli, residui vegetali&#8230;) e un detergente per rimuovere le impurit\u00e0 inorganiche (calcare, sporco minerale, ruggine&#8230;). Non pulite la piscina sotto il sole forte e non usate detergenti troppo concentrati.<\/span><\/p>\n<p><span style=\"font-weight: 400;\">Dopo aver pulito bene tutto, spruzzate le pareti della piscina con una soluzione al 10% di alghicida per prevenire la crescita e lo sviluppo delle alghe.<\/span><\/p>\n<p><span style=\"font-weight: 400;\">Prima di riempire o rabboccare la piscina con acqua, assicuratevi di avere abbastanza prodotti per il trattamento dell&#8217;acqua della piscina. Verificate anche il corretto funzionamento dei dispositivi per la misurazione dei parametri dell&#8217;acqua della piscina (pH e cloro libero) e le compresse reagenti per essi.<\/span><\/p>\n<p><span style=\"font-weight: 400;\">Riempite o rabboccate la piscina con acqua e regolate i parametri dell&#8217;acqua della piscina secondo le istruzioni del produttore dei prodotti per il trattamento dell&#8217;acqua.<\/span><\/p>\n<p>[\/et_pb_text][\/et_pb_column][\/et_pb_row][et_pb_row use_custom_gutter=&#8221;on&#8221; gutter_width=&#8221;1&#8243; make_equal=&#8221;on&#8221; _builder_version=&#8221;4.19.5&#8243; _module_preset=&#8221;default&#8221; max_width=&#8221;100%&#8221; custom_padding=&#8221;||||false|false&#8221; global_colors_info=&#8221;{}&#8221;][et_pb_column type=&#8221;4_4&#8243; _builder_version=&#8221;4.18.0&#8243; _module_preset=&#8221;default&#8221; global_colors_info=&#8221;{}&#8221;][et_pb_text _builder_version=&#8221;4.19.5&#8243; _module_preset=&#8221;default&#8221; text_font=&#8221;|300|||||||&#8221; text_text_color=&#8221;#000000&#8243; header_3_line_height=&#8221;1.4em&#8221; hover_enabled=&#8221;0&#8243; global_colors_info=&#8221;{}&#8221; sticky_enabled=&#8221;0&#8243;]<\/p>\n<h3><strong>MANUTENZIONE REGOLARE<\/strong><\/h3>\n<p><span style=\"font-weight: 400;\"><strong>La manutenzione della piscina comprende:<\/strong>\u00a0<\/span><\/p>\n<ul>\n<li style=\"font-weight: 400;\" aria-level=\"1\"><span style=\"font-weight: 400;\">mantenimento dell&#8217;acqua in piscina con prodotti chimici,<\/span><\/li>\n<li style=\"font-weight: 400;\" aria-level=\"1\"><span style=\"font-weight: 400;\">aspirazione del fondo della piscina,<\/span><\/li>\n<li style=\"font-weight: 400;\" aria-level=\"1\"><span style=\"font-weight: 400;\">controllo e manutenzione dei dispositivi della piscina,\u00a0<\/span><\/li>\n<li style=\"font-weight: 400;\" aria-level=\"1\"><span style=\"font-weight: 400;\">lavaggio del filtro,\u00a0<\/span><\/li>\n<li style=\"font-weight: 400;\" aria-level=\"1\"><span style=\"font-weight: 400;\">controllo dell&#8217;automazione di dosaggio,\u00a0<\/span><\/li>\n<\/ul>\n<p><strong><i>Il controllo dell&#8217;acqua della piscina e dei dispositivi \u00e8 necessario almeno una volta alla settimana, e in caso di assenza di automazione di dosaggio anche pi\u00f9 frequentemente.<\/i><\/strong><\/p>\n<p>[\/et_pb_text][\/et_pb_column][\/et_pb_row][et_pb_row use_custom_gutter=&#8221;on&#8221; gutter_width=&#8221;1&#8243; make_equal=&#8221;on&#8221; _builder_version=&#8221;4.19.5&#8243; _module_preset=&#8221;default&#8221; max_width=&#8221;100%&#8221; custom_padding=&#8221;||||false|false&#8221; global_colors_info=&#8221;{}&#8221;][et_pb_column type=&#8221;4_4&#8243; _builder_version=&#8221;4.18.0&#8243; _module_preset=&#8221;default&#8221; global_colors_info=&#8221;{}&#8221;][et_pb_text _builder_version=&#8221;4.19.5&#8243; _module_preset=&#8221;default&#8221; text_font=&#8221;|300|||||||&#8221; text_text_color=&#8221;#000000&#8243; header_3_line_height=&#8221;1.4em&#8221; custom_padding=&#8221;||26px|||&#8221; hover_enabled=&#8221;0&#8243; global_colors_info=&#8221;{}&#8221; sticky_enabled=&#8221;0&#8243;]<\/p>\n<h3><strong>PREPARAZIONE DELLA PISCINA PER L&#8217;INVERNO<\/strong><\/h3>\n<p><strong>Per preparare la piscina per l&#8217;inverno, si consiglia la seguente procedura:<\/strong><\/p>\n<ul>\n<li><span style=\"font-weight: 400;\">Rimuovete tutti gli accessori e l&#8217;attrezzatura dalla piscina (cestelli dello skimmer, scale, corrimano e simili).<\/span><\/li>\n<li><span style=\"font-weight: 400;\">Pulite a fondo la piscina, aspiratela e spazzolate le pareti per rimuovere il pi\u00f9 possibile la materia organica dalla piscina.<\/span><\/li>\n<li><span style=\"font-weight: 400;\">Regolate il valore del pH dell&#8217;acqua e clorate l&#8217;acqua con cloro shock, se necessario.<\/span><\/li>\n<li><span style=\"font-weight: 400;\">Aggiungete il liquido per l&#8217;invernaggio alla piscina e lasciate la pompa della piscina in funzione per filtrare in modo che il prodotto si distribuisca uniformemente nell&#8217;acqua.<\/span><\/li>\n<li><span style=\"font-weight: 400;\">Riducete il livello dell&#8217;acqua nella piscina sotto il livello degli elementi in plastica (skimmer, bocchette, luci&#8230;) approssimativamente a <\/span><span style=\"font-weight: 400;\">2<\/span><span style=\"font-weight: 400;\">\/<\/span><span style=\"font-weight: 400;\">3<\/span><span style=\"font-weight: 400;\"> o <\/span><span style=\"font-weight: 400;\">1<\/span><span style=\"font-weight: 400;\">\/<\/span><span style=\"font-weight: 400;\">2<\/span><span style=\"font-weight: 400;\"> dell&#8217;acqua per proteggere gli elementi in plastica dagli effetti negativi del congelamento della superficie dell&#8217;acqua.<\/span><\/li>\n<li><span style=\"font-weight: 400;\">Coprite la piscina con una copertura invernale per evitare che vi cadano foglie e altre impurit\u00e0. Inoltre, una piscina coperta \u00e8 protetta dai raggi UV durante l&#8217;inverno, il che prolunga la vita della vasca della piscina.<\/span><\/li>\n<li><span style=\"font-weight: 400;\">Per tutte le sale macchine \u00e8 molto importante assicurarsi che la temperatura nella sala macchine non scenda sotto 0\u00b0C, quindi potete installare un radiatore elettrico con funzione antigelo.<\/span><\/li>\n<\/ul>\n<p><strong><i>Se per qualsiasi motivo non potete dedicare il vostro tempo o semplicemente non volete occuparvene, contattateci con fiducia e concorderemo l&#8217;opzione di manutenzione che pi\u00f9 vi si addice.<\/i><\/strong><\/p>\n<p>[\/et_pb_text][et_pb_button button_url=&#8221;#kontakt&#8221; button_text=&#8221;Inviaci una richiesta&#8221; _builder_version=&#8221;4.19.5&#8243; custom_button=&#8221;on&#8221; button_text_size=&#8221;17px&#8221; button_text_color=&#8221;#ffffff&#8221; button_bg_color=&#8221;#2dd6e2&#8243; button_border_width=&#8221;14px&#8221; button_border_color=&#8221;#2dd6e2&#8243; button_border_radius=&#8221;0px&#8221; button_letter_spacing=&#8221;2px&#8221; button_font=&#8221;Poppins|600|||||||&#8221; button_use_icon=&#8221;off&#8221; custom_padding=&#8221;||||true|true&#8221; hover_enabled=&#8221;0&#8243; global_colors_info=&#8221;{}&#8221; button_bg_color__hover_enabled=&#8221;on&#8221; button_bg_color__hover=&#8221;#1173db&#8221; button_letter_spacing__hover_enabled=&#8221;on&#8221; button_letter_spacing__hover=&#8221;3px&#8221; button_text_color__hover=&#8221;rgba(255,255,255,0.98)&#8221; button_text_color__hover_enabled=&#8221;on&#8221; button_border_color__hover=&#8221;#1173db&#8221; button_border_color__hover_enabled=&#8221;on&#8221; sticky_enabled=&#8221;0&#8243;][\/et_pb_button][\/et_pb_column][\/et_pb_row][et_pb_row use_custom_gutter=&#8221;on&#8221; gutter_width=&#8221;1&#8243; make_equal=&#8221;on&#8221; _builder_version=&#8221;4.19.5&#8243; _module_preset=&#8221;default&#8221; max_width=&#8221;100%&#8221; custom_padding=&#8221;||||false|false&#8221; global_colors_info=&#8221;{}&#8221;][et_pb_column type=&#8221;4_4&#8243; _builder_version=&#8221;4.19.5&#8243; _module_preset=&#8221;default&#8221; global_colors_info=&#8221;{}&#8221;][deg_elastic_gallery gallery_ids=&#8221;29461,29424,29425,29426&#8243; _builder_version=&#8221;4.19.5&#8243; _module_preset=&#8221;default&#8221; global_colors_info=&#8221;{}&#8221;][\/deg_elastic_gallery][\/et_pb_column][\/et_pb_row][\/et_pb_section]<\/p>\n","protected":false},"excerpt":{"rendered":"<p>\u00c8 necessario mantenere regolarmente la piscina per garantire la qualit\u00e0 dell&#8217;acqua e proteggere i dispositivi che vi funzionano. Una corretta manutenzione settimanale \u00e8 fondamentale per prolungare la vita e la pulizia della piscina. Eseguire regolarmente piccoli e semplici compiti pu\u00f2 ridurre la somma da spendere per le riparazioni e altri costosi interventi di manutenzione quando [&hellip;]<\/p>\n","protected":false},"author":2,"featured_media":0,"parent":0,"menu_order":0,"comment_status":"closed","ping_status":"closed","template":"","meta":{"_et_pb_use_builder":"on","_et_pb_old_content":"","_et_gb_content_width":""},"_links":{"self":[{"href":"https:\/\/jk-bazeni.hr\/it\/wp-json\/wp\/v2\/pages\/30499"}],"collection":[{"href":"https:\/\/jk-bazeni.hr\/it\/wp-json\/wp\/v2\/pages"}],"about":[{"href":"https:\/\/jk-bazeni.hr\/it\/wp-json\/wp\/v2\/types\/page"}],"author":[{"embeddable":true,"href":"https:\/\/jk-bazeni.hr\/it\/wp-json\/wp\/v2\/users\/2"}],"replies":[{"embeddable":true,"href":"https:\/\/jk-bazeni.hr\/it\/wp-json\/wp\/v2\/comments?post=30499"}],"version-history":[{"count":2,"href":"https:\/\/jk-bazeni.hr\/it\/wp-json\/wp\/v2\/pages\/30499\/revisions"}],"predecessor-version":[{"id":30602,"href":"https:\/\/jk-bazeni.hr\/it\/wp-json\/wp\/v2\/pages\/30499\/revisions\/30602"}],"wp:attachment":[{"href":"https:\/\/jk-bazeni.hr\/it\/wp-json\/wp\/v2\/media?parent=30499"}],"curies":[{"name":"wp","href":"https:\/\/api.w.org\/{rel}","templated":true}]}}