{"id":30491,"date":"2024-02-07T11:19:36","date_gmt":"2024-02-07T10:19:36","guid":{"rendered":"https:\/\/jk-bazeni.hr\/standardni-modeli-poliesterskih-bazena\/"},"modified":"2024-06-04T05:51:22","modified_gmt":"2024-06-04T04:51:22","slug":"modelli-standard-di-piscine-in-poliestere","status":"publish","type":"page","link":"https:\/\/jk-bazeni.hr\/it\/modelli-standard-di-piscine-in-poliestere\/","title":{"rendered":"Modelli standard di piscine in poliestere"},"content":{"rendered":"<p>[et_pb_section fb_built=&#8221;1&#8243; custom_padding_last_edited=&#8221;on|phone&#8221; _builder_version=&#8221;4.19.5&#8243; _module_preset=&#8221;default&#8221; use_background_color_gradient=&#8221;on&#8221; background_color_gradient_stops=&#8221;rgba(0,0,0,0.35) 0%|#000000 100%&#8221; background_color_gradient_overlays_image=&#8221;on&#8221; background_color_gradient_start=&#8221;rgba(0,0,0,0.35)&#8221; background_color_gradient_end=&#8221;#000000&#8243; background_image=&#8221;https:\/\/jk-bazeni.hr\/wp-content\/uploads\/2024\/02\/bazen.jpg&#8221; custom_padding=&#8221;190px|||||&#8221; custom_padding_tablet=&#8221;&#8221; custom_padding_phone=&#8221;50px||||false|false&#8221; saved_tabs=&#8221;all&#8221; global_colors_info=&#8221;{}&#8221;][et_pb_row _builder_version=&#8221;4.19.5&#8243; _module_preset=&#8221;default&#8221; max_width=&#8221;80%&#8221; global_colors_info=&#8221;{}&#8221;][et_pb_column type=&#8221;4_4&#8243; _builder_version=&#8221;4.16&#8243; _module_preset=&#8221;default&#8221; global_colors_info=&#8221;{}&#8221;][et_pb_post_title meta=&#8221;off&#8221; featured_image=&#8221;off&#8221; _builder_version=&#8221;4.19.5&#8243; _module_preset=&#8221;default&#8221; title_font=&#8221;|700|||||||&#8221; title_text_color=&#8221;#FFFFFF&#8221; title_font_size=&#8221;66px&#8221; title_font_size_tablet=&#8221;&#8221; title_font_size_phone=&#8221;39px&#8221; title_font_size_last_edited=&#8221;on|phone&#8221; global_colors_info=&#8221;{}&#8221;][\/et_pb_post_title][\/et_pb_column][\/et_pb_row][\/et_pb_section][et_pb_section fb_built=&#8221;1&#8243; _builder_version=&#8221;4.18.0&#8243; _module_preset=&#8221;default&#8221; custom_padding=&#8221;35px||35px||true|&#8221; global_colors_info=&#8221;{}&#8221;][et_pb_row use_custom_gutter=&#8221;on&#8221; gutter_width=&#8221;1&#8243; make_equal=&#8221;on&#8221; _builder_version=&#8221;4.18.0&#8243; _module_preset=&#8221;default&#8221; max_width=&#8221;100%&#8221; custom_padding=&#8221;0px||0px|||&#8221; global_colors_info=&#8221;{}&#8221;][et_pb_column type=&#8221;4_4&#8243; _builder_version=&#8221;4.18.0&#8243; _module_preset=&#8221;default&#8221; global_colors_info=&#8221;{}&#8221;][et_pb_text _builder_version=&#8221;4.19.5&#8243; _module_preset=&#8221;default&#8221; text_font=&#8221;|300|||||||&#8221; text_text_color=&#8221;#000000&#8243; text_font_size=&#8221;19px&#8221; link_text_color=&#8221;#0C71C3&#8243; hover_enabled=&#8221;0&#8243; global_colors_info=&#8221;{}&#8221; sticky_enabled=&#8221;0&#8243;]<\/p>\n<p><strong>Offriamo 4 modelli standard di piscine: <a href=\"#barbados\">BARBADOS, BARBADOS PRO<\/a> e <a href=\"#elegance\">ELEGANCE II, ELEGANCE II PRO.<\/a><\/strong><\/p>\n<p><span style=\"font-weight: 400;\"><i>*l&#8217;attrezzatura del modello PRO include l&#8217;elettrolisi per la manutenzione automatica della qualit\u00e0 dell&#8217;acqua.<\/i><\/span><\/p>\n<p><span style=\"font-weight: 400;\">Il vantaggio dei modelli standard \u00e8 una produzione pi\u00f9 rapida e un prezzo pi\u00f9 accessibile.<\/span><\/p>\n<p><span style=\"font-weight: 400;\">Lo svantaggio dei modelli standard \u00e8 che il cliente pu\u00f2 solo scegliere il colore della vasca, da una vasta gamma della cartella colori RAL della ditta NORD COMPOSITES.<\/span><\/p>\n<p>[\/et_pb_text][\/et_pb_column][\/et_pb_row][et_pb_row use_custom_gutter=&#8221;on&#8221; gutter_width=&#8221;1&#8243; make_equal=&#8221;on&#8221; _builder_version=&#8221;4.19.5&#8243; _module_preset=&#8221;default&#8221; max_width=&#8221;100%&#8221; custom_padding=&#8221;||||false|false&#8221; global_colors_info=&#8221;{}&#8221;][et_pb_column type=&#8221;4_4&#8243; _builder_version=&#8221;4.18.0&#8243; _module_preset=&#8221;default&#8221; global_colors_info=&#8221;{}&#8221;][et_pb_text module_id=&#8221;barbados&#8221; _builder_version=&#8221;4.19.5&#8243; _module_preset=&#8221;default&#8221; text_font=&#8221;|300|||||||&#8221; text_text_color=&#8221;#000000&#8243; header_3_font_size=&#8221;28px&#8221; header_3_line_height=&#8221;1.7em&#8221; hover_enabled=&#8221;0&#8243; global_colors_info=&#8221;{}&#8221; sticky_enabled=&#8221;0&#8243;]<\/p>\n<h3><b>BARBADOS e BARBADOS PRO<\/b><\/h3>\n<table>\n<tbody>\n<tr>\n<td colspan=\"2\"><b>Dimensioni base della piscina:<\/b><\/td>\n<td><\/td>\n<td><\/td>\n<td colspan=\"2\"><\/td>\n<\/tr>\n<tr>\n<td><b>Lunghezza:<\/b><\/td>\n<td colspan=\"2\"><span style=\"font-weight: 400;\">7,60 m.<\/span><\/td>\n<td><\/td>\n<td><\/td>\n<td colspan=\"2\"><\/td>\n<\/tr>\n<tr>\n<td><b>Larghezza:<\/b><\/td>\n<td colspan=\"2\"><span style=\"font-weight: 400;\">3,24 m.<\/span><\/td>\n<td><\/td>\n<td><\/td>\n<td colspan=\"2\"><\/td>\n<\/tr>\n<tr>\n<td><b>Altezza:<\/b><\/td>\n<td colspan=\"2\"><span style=\"font-weight: 400;\">1,40 m.<\/span><\/td>\n<td><\/td>\n<td><\/td>\n<td colspan=\"2\"><\/td>\n<\/tr>\n<tr>\n<td><b>Profondit\u00e0 dell&#8217;acqua:<\/b><\/td>\n<td colspan=\"2\"><span style=\"font-weight: 400;\">1,25 m.<\/span><\/td>\n<td><\/td>\n<td><\/td>\n<td colspan=\"2\"><\/td>\n<\/tr>\n<tr>\n<td><b>Volume dell&#8217;acqua:<\/b><\/td>\n<td colspan=\"2\"><span style=\"font-weight: 400;\">MAX <\/span><span style=\"font-weight: 400;\">22000 lit.<\/span><\/td>\n<td><\/td>\n<td><\/td>\n<td colspan=\"2\"><\/td>\n<\/tr>\n<tr>\n<td><b>Peso della piscina:<\/b><\/td>\n<td colspan=\"2\"><span style=\"font-weight: 400;\">~ 1000 kg<\/span><\/td>\n<td><\/td>\n<td><\/td>\n<td colspan=\"2\"><\/td>\n<\/tr>\n<\/tbody>\n<\/table>\n<p>[\/et_pb_text][\/et_pb_column][\/et_pb_row][et_pb_row use_custom_gutter=&#8221;on&#8221; gutter_width=&#8221;1&#8243; make_equal=&#8221;on&#8221; _builder_version=&#8221;4.19.5&#8243; _module_preset=&#8221;default&#8221; max_width=&#8221;100%&#8221; custom_padding=&#8221;||||false|false&#8221; global_colors_info=&#8221;{}&#8221;][et_pb_column type=&#8221;4_4&#8243; _builder_version=&#8221;4.18.0&#8243; _module_preset=&#8221;default&#8221; global_colors_info=&#8221;{}&#8221;][et_pb_text _builder_version=&#8221;4.19.5&#8243; _module_preset=&#8221;default&#8221; hover_enabled=&#8221;0&#8243; global_colors_info=&#8221;{}&#8221; sticky_enabled=&#8221;0&#8243;]<\/p>\n<table style=\"width: 100%;\">\n<tbody>\n<tr>\n<td style=\"width: 120px;\"><strong>Attrezzatura della vasca della piscina:<\/strong><\/td>\n<td style=\"width: 211px;\"><strong>Attrezzatura del locale tecnico interrato in poliestere:<\/strong><\/td>\n<\/tr>\n<tr>\n<td style=\"width: 120px;\"><span style=\"font-weight: 400;\">1 x skimmer \u2013 aspiratore d&#8217;acqua &#8211; ASTRAL,<\/span><\/td>\n<td style=\"width: 211px;\"><span style=\"font-weight: 400;\">1 x pompa di circolazione 10 m<\/span><span style=\"font-weight: 400;\">3<\/span><span style=\"font-weight: 400;\">\/h &#8211; HAYWARD,<\/span><\/td>\n<\/tr>\n<tr>\n<td style=\"width: 120px;\"><span style=\"font-weight: 400;\">3 x bocchette di circolazione &#8211; ASTRAL,<\/span><\/td>\n<td style=\"width: 211px;\"><span style=\"font-weight: 400;\">1 x serbatoio di filtrazione &#8211; HAYWARD,<\/span><\/td>\n<\/tr>\n<tr>\n<td style=\"width: 120px;\"><span style=\"font-weight: 400;\">1 x scarico di fondo &#8211; ASTRAL,<\/span><\/td>\n<td style=\"width: 211px;\"><span style=\"font-weight: 400;\">1 x valvola a sei vie per la gestione della circolazione dell&#8217;acqua,<\/span><\/td>\n<\/tr>\n<tr>\n<td style=\"width: 120px;\"><span style=\"font-weight: 400;\">1 x riempimento automatico dell&#8217;acqua con valvola,<\/span><\/td>\n<td style=\"width: 211px;\"><span style=\"font-weight: 400;\">60 kg di vetro per la filtrazione dell&#8217;acqua,<\/span><\/td>\n<\/tr>\n<tr>\n<td style=\"width: 120px;\"><span style=\"font-weight: 400;\">1 x bocchetta di riempimento dell&#8217;acqua \u2013 manuale con valvola,<\/span><\/td>\n<td style=\"width: 211px;\"><span style=\"font-weight: 400;\">3 x valvola di regolazione bocchetta\/skimmer\/scarico di fondo,<\/span><\/td>\n<\/tr>\n<tr>\n<td style=\"width: 120px;\"><span style=\"font-weight: 400;\">1 x scala angolare con panca,<\/span><\/td>\n<td style=\"width: 211px;\"><span style=\"font-weight: 400;\">1 x quadro elettrico con elementi di protezione,<\/span><\/td>\n<\/tr>\n<tr>\n<td style=\"width: 120px;\"><span style=\"font-weight: 400;\">1 x illuminazione LED \u00d8 250 in bianco &#8211; ASTRAL,<\/span><\/td>\n<td style=\"width: 211px;\"><span style=\"font-weight: 400;\">1 x predisposizione per pompa di calore con sistema di bypass,<\/span><\/td>\n<\/tr>\n<tr>\n<td style=\"width: 120px;\"><span style=\"font-weight: 400;\">1 x set di tubi di collegamento \u00d8 50 mm,<\/span><\/td>\n<td style=\"width: 211px;\"><span style=\"font-weight: 400;\">1 x predisposizione per elettrolisi con sistema di bypass,<\/span><\/td>\n<\/tr>\n<tr>\n<td style=\"width: 120px;\"><span style=\"font-weight: 400;\">1 x set di tubi flessibili di collegamento \u00d8 50 mm.<\/span><\/td>\n<td style=\"width: 211px;\"><span style=\"font-weight: 400;\">1 x ventilazione del locale tecnico con tubazione di scarico &#8211; TERMA,<\/span><\/td>\n<\/tr>\n<tr>\n<td style=\"width: 120px;\"><\/td>\n<td style=\"width: 211px;\"><span style=\"font-weight: 400;\">1 x scala in alluminio per ingresso e uscita,<\/span><\/td>\n<\/tr>\n<tr>\n<td style=\"width: 120px;\"><\/td>\n<td style=\"width: 211px;\"><span style=\"font-weight: 400;\">1 x pompa sommersa collegata alla tubazione di scarico della piscina &#8211; TERMA<\/span><\/td>\n<\/tr>\n<tr>\n<td style=\"width: 120px;\"><\/td>\n<td style=\"width: 211px;\">\n<p><span style=\"font-weight: 400;\">1 x elettrolisi BAYROL Automatic Salt AS5 per la manutenzione dell&#8217;acqua *<\/span><i><span style=\"font-weight: 400;\">modelli PRO<\/span><\/i><\/p>\n<\/td>\n<\/tr>\n<tr>\n<td style=\"width: 120px;\"><\/td>\n<td style=\"width: 211px;\">\n<p><span style=\"font-weight: 400;\">125 kg di sale in compresse *<\/span><i><span style=\"font-weight: 400;\">modelli PRO<\/span><\/i><\/p>\n<\/td>\n<\/tr>\n<\/tbody>\n<\/table>\n<p>[\/et_pb_text][\/et_pb_column][\/et_pb_row][et_pb_row use_custom_gutter=&#8221;on&#8221; gutter_width=&#8221;1&#8243; make_equal=&#8221;on&#8221; _builder_version=&#8221;4.19.5&#8243; _module_preset=&#8221;default&#8221; max_width=&#8221;100%&#8221; custom_padding=&#8221;||||false|false&#8221; global_colors_info=&#8221;{}&#8221;][et_pb_column type=&#8221;4_4&#8243; _builder_version=&#8221;4.19.5&#8243; _module_preset=&#8221;default&#8221; global_colors_info=&#8221;{}&#8221;][deg_elastic_gallery gallery_ids=&#8221;29317,29318,29319,29320,29321,29322,29323,29324,29325,29326,29327,29328,29348,29347&#8243; row_min_images=&#8221;5&#8243; _builder_version=&#8221;4.19.5&#8243; _module_preset=&#8221;default&#8221; global_colors_info=&#8221;{}&#8221;][\/deg_elastic_gallery][\/et_pb_column][\/et_pb_row][et_pb_row use_custom_gutter=&#8221;on&#8221; gutter_width=&#8221;1&#8243; make_equal=&#8221;on&#8221; _builder_version=&#8221;4.19.5&#8243; _module_preset=&#8221;default&#8221; max_width=&#8221;100%&#8221; custom_padding=&#8221;||||false|false&#8221; global_colors_info=&#8221;{}&#8221;][et_pb_column type=&#8221;4_4&#8243; _builder_version=&#8221;4.18.0&#8243; _module_preset=&#8221;default&#8221; global_colors_info=&#8221;{}&#8221;][et_pb_text module_id=&#8221;elegance&#8221; _builder_version=&#8221;4.19.5&#8243; _module_preset=&#8221;default&#8221; text_font=&#8221;||||||||&#8221; text_text_color=&#8221;#000000&#8243; header_3_font_size=&#8221;28px&#8221; header_3_line_height=&#8221;1.7em&#8221; hover_enabled=&#8221;0&#8243; global_colors_info=&#8221;{}&#8221; sticky_enabled=&#8221;0&#8243;]<\/p>\n<h3><strong>ELEGANCE II e ELEGANCE II PRO<\/strong><b><\/b><\/h3>\n<table style=\"height: 240px;\">\n<colgroup>\n<col width=\"100\" \/>\n<col width=\"94\" \/>\n<col width=\"100\" \/>\n<\/colgroup>\n<tbody>\n<tr style=\"height: 48px;\">\n<td rowspan=\"1\" colspan=\"2\" data-sheets-value=\"{&quot;1&quot;:2,&quot;2&quot;:&quot;Dimensioni base della piscina:&quot;}\" style=\"width: 194.344px; height: 48px;\"><strong>Dimensioni base della piscina:<\/strong><\/td>\n<td style=\"width: 98.6562px; height: 48px;\"><\/td>\n<\/tr>\n<tr style=\"height: 24px;\">\n<td data-sheets-value=\"{&quot;1&quot;:2,&quot;2&quot;:&quot;Lunghezza:&quot;}\" style=\"width: 99.4219px; height: 24px;\">Lunghezza:<\/td>\n<td rowspan=\"1\" colspan=\"2\" data-sheets-value=\"{&quot;1&quot;:2,&quot;2&quot;:&quot;6,24 m.&quot;}\" style=\"width: 193.578px; height: 24px;\">6,24 m.<\/td>\n<\/tr>\n<tr style=\"height: 24px;\">\n<td data-sheets-value=\"{&quot;1&quot;:2,&quot;2&quot;:&quot;Larghezza:&quot;}\" style=\"width: 99.4219px; height: 24px;\">Larghezza:<\/td>\n<td rowspan=\"1\" colspan=\"2\" data-sheets-value=\"{&quot;1&quot;:2,&quot;2&quot;:&quot;3,24 m.&quot;}\" style=\"width: 193.578px; height: 24px;\">3,24 m.<\/td>\n<\/tr>\n<tr style=\"height: 24px;\">\n<td data-sheets-value=\"{&quot;1&quot;:2,&quot;2&quot;:&quot;Altezza:&quot;}\" style=\"width: 99.4219px; height: 24px;\">Altezza:<\/td>\n<td rowspan=\"1\" colspan=\"2\" data-sheets-value=\"{&quot;1&quot;:2,&quot;2&quot;:&quot;1,40 m.&quot;}\" style=\"width: 193.578px; height: 24px;\">1,40 m.<\/td>\n<\/tr>\n<tr style=\"height: 24px;\">\n<td data-sheets-value=\"{&quot;1&quot;:2,&quot;2&quot;:&quot;Profondit\u00e0 dell'acqua:&quot;}\" style=\"width: 99.4219px; height: 24px;\">Profondit\u00e0 dell&#8217;acqua:<\/td>\n<td rowspan=\"1\" colspan=\"2\" data-sheets-value=\"{&quot;1&quot;:2,&quot;2&quot;:&quot;1,25 m.&quot;}\" style=\"width: 193.578px; height: 24px;\">1,25 m.<\/td>\n<\/tr>\n<tr style=\"height: 48px;\">\n<td data-sheets-value=\"{&quot;1&quot;:2,&quot;2&quot;:&quot;Volume dell'acqua:&quot;}\" style=\"width: 99.4219px; height: 48px;\">Volume dell&#8217;acqua:<\/td>\n<td rowspan=\"1\" colspan=\"2\" data-sheets-value=\"{&quot;1&quot;:2,&quot;2&quot;:&quot;MAX 21000 lit.&quot;}\" style=\"width: 193.578px; height: 48px;\">MAX 21000 lit.<\/td>\n<\/tr>\n<tr style=\"height: 48px;\">\n<td data-sheets-value=\"{&quot;1&quot;:2,&quot;2&quot;:&quot;Peso della piscina:&quot;}\" style=\"width: 99.4219px; height: 48px;\">Peso della piscina:<\/td>\n<td rowspan=\"1\" colspan=\"2\">~ 900 kg<\/td>\n<\/tr>\n<\/tbody>\n<\/table>\n<p>[\/et_pb_text][\/et_pb_column][\/et_pb_row][et_pb_row use_custom_gutter=&#8221;on&#8221; gutter_width=&#8221;1&#8243; make_equal=&#8221;on&#8221; _builder_version=&#8221;4.19.5&#8243; _module_preset=&#8221;default&#8221; max_width=&#8221;100%&#8221; custom_padding=&#8221;||||false|false&#8221; global_colors_info=&#8221;{}&#8221;][et_pb_column type=&#8221;4_4&#8243; _builder_version=&#8221;4.18.0&#8243; _module_preset=&#8221;default&#8221; global_colors_info=&#8221;{}&#8221;][et_pb_text _builder_version=&#8221;4.19.5&#8243; _module_preset=&#8221;default&#8221; hover_enabled=&#8221;0&#8243; global_colors_info=&#8221;{}&#8221; sticky_enabled=&#8221;0&#8243;]<\/p>\n<table style=\"width: 100%;\">\n<tbody>\n<tr>\n<td style=\"width: 120px;\"><strong>Attrezzatura della vasca della piscina:<\/strong><\/td>\n<td style=\"width: 211px;\"><strong>Attrezzatura del locale tecnico interrato in poliestere:<\/strong><\/td>\n<\/tr>\n<tr>\n<td style=\"width: 120px;\"><span style=\"font-weight: 400;\">1 x skimmer \u2013 aspiratore d&#8217;acqua &#8211; ASTRAL,<\/span><\/td>\n<td style=\"width: 211px;\"><span style=\"font-weight: 400;\">1 x pompa di circolazione 10 m<\/span><span style=\"font-weight: 400;\">3<\/span><span style=\"font-weight: 400;\">\/h &#8211; HAYWARD,<\/span><\/td>\n<\/tr>\n<tr>\n<td style=\"width: 120px;\"><span style=\"font-weight: 400;\">3 x bocchette di circolazione &#8211; ASTRAL,<\/span><\/td>\n<td style=\"width: 211px;\"><span style=\"font-weight: 400;\">1 x serbatoio di filtrazione &#8211; HAYWARD,<\/span><\/td>\n<\/tr>\n<tr>\n<td style=\"width: 120px;\"><span style=\"font-weight: 400;\">1 x scarico di fondo &#8211; ASTRAL,<\/span><\/td>\n<td style=\"width: 211px;\"><span style=\"font-weight: 400;\">1 x valvola a sei vie per la gestione della circolazione dell&#8217;acqua,<\/span><\/td>\n<\/tr>\n<tr>\n<td style=\"width: 120px;\"><span style=\"font-weight: 400;\">1 x riempimento automatico dell&#8217;acqua con valvola,<\/span><\/td>\n<td style=\"width: 211px;\"><span style=\"font-weight: 400;\">60 kg di vetro per la filtrazione dell&#8217;acqua,<\/span><\/td>\n<\/tr>\n<tr>\n<td style=\"width: 120px;\"><span style=\"font-weight: 400;\">1 x bocchetta di riempimento dell&#8217;acqua \u2013 manuale con valvola,<\/span><\/td>\n<td style=\"width: 211px;\"><span style=\"font-weight: 400;\">3 x valvola di regolazione bocchetta\/skimmer\/scarico di fondo,<\/span><\/td>\n<\/tr>\n<tr>\n<td style=\"width: 120px;\"><span style=\"font-weight: 400;\">1 x scala angolare con panca,<\/span><\/td>\n<td style=\"width: 211px;\"><span style=\"font-weight: 400;\">1 x quadro elettrico con elementi di protezione,<\/span><\/td>\n<\/tr>\n<tr>\n<td style=\"width: 120px;\"><span style=\"font-weight: 400;\">1 x illuminazione LED \u00d8 250 in bianco &#8211; ASTRAL,<\/span><\/td>\n<td style=\"width: 211px;\"><span style=\"font-weight: 400;\">1 x predisposizione per pompa di calore con sistema di bypass,<\/span><\/td>\n<\/tr>\n<tr>\n<td style=\"width: 120px;\"><span style=\"font-weight: 400;\">1 x set di tubi di collegamento \u00d8 50 mm,<\/span><\/td>\n<td style=\"width: 211px;\"><span style=\"font-weight: 400;\">1 x predisposizione per elettrolisi con sistema di bypass,<\/span><\/td>\n<\/tr>\n<tr>\n<td style=\"width: 120px;\"><span style=\"font-weight: 400;\">1 x set di tubi flessibili di collegamento \u00d8 50 mm.<\/span><\/td>\n<td style=\"width: 211px;\"><span style=\"font-weight: 400;\">1 x ventilazione del locale tecnico con tubazione di scarico &#8211; TERMA,<\/span><\/td>\n<\/tr>\n<tr>\n<td style=\"width: 120px;\"><\/td>\n<td style=\"width: 211px;\"><span style=\"font-weight: 400;\">1 x scala in alluminio per ingresso e uscita,<\/span><\/td>\n<\/tr>\n<tr>\n<td style=\"width: 120px;\"><\/td>\n<td style=\"width: 211px;\"><span style=\"font-weight: 400;\">1 x pompa sommersa collegata alla tubazione di scarico della piscina &#8211; TERMA<\/span><\/td>\n<\/tr>\n<tr>\n<td style=\"width: 120px;\"><\/td>\n<td style=\"width: 211px;\">\n<p><span style=\"font-weight: 400;\">1 x elettrolisi BAYROL Automatic Salt AS5 per la manutenzione dell&#8217;acqua *<\/span><i><span style=\"font-weight: 400;\">modelli PRO<\/span><\/i><\/p>\n<\/td>\n<\/tr>\n<tr>\n<td style=\"width: 120px;\"><\/td>\n<td style=\"width: 211px;\">\n<p><span style=\"font-weight: 400;\">100 kg di sale in compresse *<\/span><i><span style=\"font-weight: 400;\">modelli PRO<\/span><\/i><\/p>\n<\/td>\n<\/tr>\n<\/tbody>\n<\/table>\n<p>[\/et_pb_text][\/et_pb_column][\/et_pb_row][et_pb_row use_custom_gutter=&#8221;on&#8221; gutter_width=&#8221;1&#8243; make_equal=&#8221;on&#8221; _builder_version=&#8221;4.19.5&#8243; _module_preset=&#8221;default&#8221; max_width=&#8221;100%&#8221; custom_padding=&#8221;||||false|false&#8221; global_colors_info=&#8221;{}&#8221;][et_pb_column type=&#8221;4_4&#8243; _builder_version=&#8221;4.19.5&#8243; _module_preset=&#8221;default&#8221; global_colors_info=&#8221;{}&#8221;][deg_elastic_gallery gallery_ids=&#8221;29329,29330,29331,29332,29333,29334,29335,29336,29337,29338,29339,29340,29341,29342,29343,29344,29345,29346,29347,29348&#8243; row_min_images=&#8221;5&#8243; _builder_version=&#8221;4.19.5&#8243; _module_preset=&#8221;default&#8221; global_colors_info=&#8221;{}&#8221;][\/deg_elastic_gallery][\/et_pb_column][\/et_pb_row][\/et_pb_section]<\/p>\n","protected":false},"excerpt":{"rendered":"<p>Offriamo 4 modelli standard di piscine: BARBADOS, BARBADOS PRO e ELEGANCE II, ELEGANCE II PRO. *l&#8217;attrezzatura del modello PRO include l&#8217;elettrolisi per la manutenzione automatica della qualit\u00e0 dell&#8217;acqua. Il vantaggio dei modelli standard \u00e8 una produzione pi\u00f9 rapida e un prezzo pi\u00f9 accessibile. Lo svantaggio dei modelli standard \u00e8 che il cliente pu\u00f2 solo scegliere [&hellip;]<\/p>\n","protected":false},"author":2,"featured_media":0,"parent":0,"menu_order":0,"comment_status":"closed","ping_status":"closed","template":"","meta":{"_et_pb_use_builder":"on","_et_pb_old_content":"","_et_gb_content_width":""},"_links":{"self":[{"href":"https:\/\/jk-bazeni.hr\/it\/wp-json\/wp\/v2\/pages\/30491"}],"collection":[{"href":"https:\/\/jk-bazeni.hr\/it\/wp-json\/wp\/v2\/pages"}],"about":[{"href":"https:\/\/jk-bazeni.hr\/it\/wp-json\/wp\/v2\/types\/page"}],"author":[{"embeddable":true,"href":"https:\/\/jk-bazeni.hr\/it\/wp-json\/wp\/v2\/users\/2"}],"replies":[{"embeddable":true,"href":"https:\/\/jk-bazeni.hr\/it\/wp-json\/wp\/v2\/comments?post=30491"}],"version-history":[{"count":2,"href":"https:\/\/jk-bazeni.hr\/it\/wp-json\/wp\/v2\/pages\/30491\/revisions"}],"predecessor-version":[{"id":30598,"href":"https:\/\/jk-bazeni.hr\/it\/wp-json\/wp\/v2\/pages\/30491\/revisions\/30598"}],"wp:attachment":[{"href":"https:\/\/jk-bazeni.hr\/it\/wp-json\/wp\/v2\/media?parent=30491"}],"curies":[{"name":"wp","href":"https:\/\/api.w.org\/{rel}","templated":true}]}}