{"id":30527,"date":"2024-02-07T11:44:18","date_gmt":"2024-02-07T10:44:18","guid":{"rendered":"https:\/\/jk-bazeni.hr\/transport-i-montaza\/"},"modified":"2024-06-03T15:38:01","modified_gmt":"2024-06-03T14:38:01","slug":"transport-und-montage","status":"publish","type":"page","link":"https:\/\/jk-bazeni.hr\/de\/transport-und-montage\/","title":{"rendered":"Transport und Montage"},"content":{"rendered":"<p>[et_pb_section fb_built=&#8220;1&#8243; custom_padding_last_edited=&#8220;on|phone&#8220; _builder_version=&#8220;4.19.5&#8243; _module_preset=&#8220;default&#8220; use_background_color_gradient=&#8220;on&#8220; background_color_gradient_stops=&#8220;rgba(0,0,0,0.35) 0%|#000000 100%&#8220; background_color_gradient_overlays_image=&#8220;on&#8220; background_color_gradient_start=&#8220;rgba(0,0,0,0.35)&#8220; background_color_gradient_end=&#8220;#000000&#8243; background_image=&#8220;https:\/\/jk-bazeni.hr\/wp-content\/uploads\/2024\/02\/bazen.jpg&#8220; custom_padding=&#8220;190px|||||&#8220; custom_padding_tablet=&#8220;190px|||||&#8220; custom_padding_phone=&#8220;50px||||false|false&#8220; saved_tabs=&#8220;all&#8220; global_colors_info=&#8220;{}&#8220;][et_pb_row _builder_version=&#8220;4.19.5&#8243; _module_preset=&#8220;default&#8220; max_width=&#8220;80%&#8220; global_colors_info=&#8220;{}&#8220;][et_pb_column type=&#8220;4_4&#8243; _builder_version=&#8220;4.16&#8243; _module_preset=&#8220;default&#8220; global_colors_info=&#8220;{}&#8220;][et_pb_post_title meta=&#8220;off&#8220; featured_image=&#8220;off&#8220; _builder_version=&#8220;4.19.5&#8243; _module_preset=&#8220;default&#8220; title_font=&#8220;|700|||||||&#8220; title_text_color=&#8220;#FFFFFF&#8220; title_font_size=&#8220;66px&#8220; title_font_size_tablet=&#8220;&#8220; title_font_size_phone=&#8220;39px&#8220; title_font_size_last_edited=&#8220;on|phone&#8220; global_colors_info=&#8220;{}&#8220;][\/et_pb_post_title][\/et_pb_column][\/et_pb_row][\/et_pb_section][et_pb_section fb_built=&#8220;1&#8243; _builder_version=&#8220;4.18.0&#8243; _module_preset=&#8220;default&#8220; custom_padding=&#8220;35px||35px||true|&#8220; global_colors_info=&#8220;{}&#8220;][et_pb_row use_custom_gutter=&#8220;on&#8220; gutter_width=&#8220;1&#8243; make_equal=&#8220;on&#8220; _builder_version=&#8220;4.19.5&#8243; _module_preset=&#8220;default&#8220; max_width=&#8220;100%&#8220; custom_padding=&#8220;||||false|false&#8220; global_colors_info=&#8220;{}&#8220;][et_pb_column type=&#8220;4_4&#8243; _builder_version=&#8220;4.18.0&#8243; _module_preset=&#8220;default&#8220; global_colors_info=&#8220;{}&#8220;][et_pb_text _builder_version=&#8220;4.19.5&#8243; _module_preset=&#8220;default&#8220; text_font=&#8220;|300|||||||&#8220; text_text_color=&#8220;#000000&#8243; text_font_size=&#8220;19px&#8220; custom_padding=&#8220;||20px||false|false&#8220; hover_enabled=&#8220;0&#8243; global_colors_info=&#8220;{}&#8220; sticky_enabled=&#8220;0&#8243;]<\/p>\n<p><span style=\"font-weight: 400;\">Den Transport des Pools von unserer Produktion bis zum Einbauort f\u00fchren wir selbst durch (bis zu einer L\u00e4nge von 8,00 m) oder vertrauen diesen unseren bew\u00e4hrten Partnern an.<\/span><\/p>\n<p><span style=\"font-weight: 400;\">Die Lieferung von Poolschalen, die breiter als 3,00 m sind, erfolgt als Sondertransport mit Begleitung.<\/span><\/p>\n<p><span style=\"font-weight: 400;\">Durch jahrelange Erfahrung in anspruchsvollen Transporten und Montagen an unzug\u00e4nglicheren Standorten haben wir ein Team von Partnern versammelt, die erstklassige Profis in ihrem Gesch\u00e4ft sind \u2013<\/span><i><span style=\"font-weight: 400;\"> Transporteure, Kranf\u00fchrer, Bauunternehmen&#8230;<\/span><\/i><span style=\"font-weight: 400;\">\u00a0<\/span><\/p>\n<p><strong>Unser Team ist in jeder Phase der Lieferung und Montage pr\u00e4sent, weil wir sicherstellen wollen, dass die Lieferung und Montage reibungslos verlaufen.<\/strong><\/p>\n<p>[\/et_pb_text][et_pb_button button_url=&#8220;#kontakt&#8220; button_text=&#8220;Senden Sie uns Ihre Anfrage&#8220; _builder_version=&#8220;4.19.5&#8243; custom_button=&#8220;on&#8220; button_text_size=&#8220;17px&#8220; button_text_color=&#8220;#ffffff&#8220; button_bg_color=&#8220;#2dd6e2&#8243; button_border_width=&#8220;14px&#8220; button_border_color=&#8220;#2dd6e2&#8243; button_border_radius=&#8220;0px&#8220; button_letter_spacing=&#8220;2px&#8220; button_font=&#8220;Poppins|600|||||||&#8220; button_use_icon=&#8220;off&#8220; custom_padding=&#8220;||||true|true&#8220; hover_enabled=&#8220;0&#8243; global_colors_info=&#8220;{}&#8220; button_bg_color__hover_enabled=&#8220;on&#8220; button_bg_color__hover=&#8220;#1173db&#8220; button_letter_spacing__hover_enabled=&#8220;on&#8220; button_letter_spacing__hover=&#8220;3px&#8220; button_text_color__hover=&#8220;rgba(255,255,255,0.98)&#8220; button_text_color__hover_enabled=&#8220;on&#8220; button_border_color__hover=&#8220;#1173db&#8220; button_border_color__hover_enabled=&#8220;on&#8220; sticky_enabled=&#8220;0&#8243;][\/et_pb_button][\/et_pb_column][\/et_pb_row][et_pb_row use_custom_gutter=&#8220;on&#8220; gutter_width=&#8220;1&#8243; make_equal=&#8220;on&#8220; _builder_version=&#8220;4.19.5&#8243; _module_preset=&#8220;default&#8220; max_width=&#8220;100%&#8220; custom_padding=&#8220;||||false|false&#8220; global_colors_info=&#8220;{}&#8220;][et_pb_column type=&#8220;4_4&#8243; _builder_version=&#8220;4.19.5&#8243; _module_preset=&#8220;default&#8220; global_colors_info=&#8220;{}&#8220;][deg_elastic_gallery gallery_ids=&#8220;29371,29372,29373,29374,29375,29376,29377,29378,29379,29381,29382,29383,29386,29387,29388,29389,29390,29391,29393,29394,29395,29396,29397,29398,29399,29400,29401,29402,29403,29404,29405,29406,29407,29408,29409,29410,29411,29412,29413,29414,29415,29416,29417,29418,29419,29458,29459&#8243; _builder_version=&#8220;4.19.5&#8243; _module_preset=&#8220;default&#8220; global_colors_info=&#8220;{}&#8220;][\/deg_elastic_gallery][\/et_pb_column][\/et_pb_row][\/et_pb_section]<\/p>\n","protected":false},"excerpt":{"rendered":"<p>Den Transport des Pools von unserer Produktion bis zum Einbauort f\u00fchren wir selbst durch (bis zu einer L\u00e4nge von 8,00 m) oder vertrauen diesen unseren bew\u00e4hrten Partnern an. Die Lieferung von Poolschalen, die breiter als 3,00 m sind, erfolgt als Sondertransport mit Begleitung. Durch jahrelange Erfahrung in anspruchsvollen Transporten und Montagen an unzug\u00e4nglicheren Standorten haben [&hellip;]<\/p>\n","protected":false},"author":2,"featured_media":0,"parent":0,"menu_order":0,"comment_status":"closed","ping_status":"closed","template":"","meta":{"_et_pb_use_builder":"on","_et_pb_old_content":"","_et_gb_content_width":""},"_links":{"self":[{"href":"https:\/\/jk-bazeni.hr\/de\/wp-json\/wp\/v2\/pages\/30527"}],"collection":[{"href":"https:\/\/jk-bazeni.hr\/de\/wp-json\/wp\/v2\/pages"}],"about":[{"href":"https:\/\/jk-bazeni.hr\/de\/wp-json\/wp\/v2\/types\/page"}],"author":[{"embeddable":true,"href":"https:\/\/jk-bazeni.hr\/de\/wp-json\/wp\/v2\/users\/2"}],"replies":[{"embeddable":true,"href":"https:\/\/jk-bazeni.hr\/de\/wp-json\/wp\/v2\/comments?post=30527"}],"version-history":[{"count":2,"href":"https:\/\/jk-bazeni.hr\/de\/wp-json\/wp\/v2\/pages\/30527\/revisions"}],"predecessor-version":[{"id":30577,"href":"https:\/\/jk-bazeni.hr\/de\/wp-json\/wp\/v2\/pages\/30527\/revisions\/30577"}],"wp:attachment":[{"href":"https:\/\/jk-bazeni.hr\/de\/wp-json\/wp\/v2\/media?parent=30527"}],"curies":[{"name":"wp","href":"https:\/\/api.w.org\/{rel}","templated":true}]}}