{"id":30520,"date":"2024-02-07T11:43:05","date_gmt":"2024-02-07T10:43:05","guid":{"rendered":"https:\/\/jk-bazeni.hr\/strojarnice\/"},"modified":"2024-06-03T15:33:19","modified_gmt":"2024-06-03T14:33:19","slug":"maschinenraeume","status":"publish","type":"page","link":"https:\/\/jk-bazeni.hr\/de\/maschinenraeume\/","title":{"rendered":"Maschinenr\u00e4ume"},"content":{"rendered":"<p>[et_pb_section fb_built=&#8220;1&#8243; custom_padding_last_edited=&#8220;on|phone&#8220; _builder_version=&#8220;4.19.5&#8243; _module_preset=&#8220;default&#8220; use_background_color_gradient=&#8220;on&#8220; background_color_gradient_stops=&#8220;rgba(0,0,0,0.35) 0%|#000000 100%&#8220; background_color_gradient_overlays_image=&#8220;on&#8220; background_color_gradient_start=&#8220;rgba(0,0,0,0.35)&#8220; background_color_gradient_end=&#8220;#000000&#8243; background_image=&#8220;https:\/\/jk-bazeni.hr\/wp-content\/uploads\/2024\/02\/bazen.jpg&#8220; custom_padding=&#8220;190px|||||&#8220; custom_padding_tablet=&#8220;&#8220; custom_padding_phone=&#8220;50px||||false|false&#8220; saved_tabs=&#8220;all&#8220; global_colors_info=&#8220;{}&#8220;][et_pb_row _builder_version=&#8220;4.19.5&#8243; _module_preset=&#8220;default&#8220; max_width=&#8220;80%&#8220; global_colors_info=&#8220;{}&#8220;][et_pb_column type=&#8220;4_4&#8243; _builder_version=&#8220;4.16&#8243; _module_preset=&#8220;default&#8220; global_colors_info=&#8220;{}&#8220;][et_pb_post_title meta=&#8220;off&#8220; featured_image=&#8220;off&#8220; _builder_version=&#8220;4.19.5&#8243; _module_preset=&#8220;default&#8220; title_font=&#8220;|700|||||||&#8220; title_text_color=&#8220;#FFFFFF&#8220; title_font_size=&#8220;66px&#8220; title_font_size_tablet=&#8220;&#8220; title_font_size_phone=&#8220;39px&#8220; title_font_size_last_edited=&#8220;on|phone&#8220; global_colors_info=&#8220;{}&#8220;][\/et_pb_post_title][\/et_pb_column][\/et_pb_row][\/et_pb_section][et_pb_section fb_built=&#8220;1&#8243; _builder_version=&#8220;4.18.0&#8243; _module_preset=&#8220;default&#8220; custom_padding=&#8220;35px||35px||true|&#8220; global_colors_info=&#8220;{}&#8220;][et_pb_row use_custom_gutter=&#8220;on&#8220; gutter_width=&#8220;1&#8243; make_equal=&#8220;on&#8220; _builder_version=&#8220;4.19.5&#8243; _module_preset=&#8220;default&#8220; max_width=&#8220;100%&#8220; custom_padding=&#8220;||||false|false&#8220; global_colors_info=&#8220;{}&#8220;][et_pb_column type=&#8220;4_4&#8243; _builder_version=&#8220;4.18.0&#8243; _module_preset=&#8220;default&#8220; global_colors_info=&#8220;{}&#8220;][et_pb_text _builder_version=&#8220;4.19.5&#8243; _module_preset=&#8220;default&#8220; text_font=&#8220;|300|||||||&#8220; text_text_color=&#8220;#000000&#8243; text_font_size=&#8220;20px&#8220; text_line_height=&#8220;2.2em&#8220; hover_enabled=&#8220;0&#8243; global_colors_info=&#8220;{}&#8220; sticky_enabled=&#8220;0&#8243;]<\/p>\n<p><span style=\"font-weight: 400;\">Ein unterirdischer Polyester-Maschinenraum ist die ideale L\u00f6sung f\u00fcr die Unterbringung der Poolausr\u00fcstung, da er nicht nur wasserdicht ist, sondern auch eine schnelle und einfache Installation erm\u00f6glicht. Der Maschinenraum kann \u00fcberall im Garten platziert werden, jedoch sollten Sie darauf achten, ihn so nah wie m\u00f6glich am Pool zu platzieren, um die Installationskosten zu senken und die ben\u00f6tigte Pumpenleistung f\u00fcr den Wasserdurchfluss zu verringern.<\/span><\/p>\n<p>[\/et_pb_text][\/et_pb_column][\/et_pb_row][et_pb_row column_structure=&#8220;1_3,1_3,1_3&#8243; use_custom_gutter=&#8220;on&#8220; gutter_width=&#8220;1&#8243; make_equal=&#8220;on&#8220; _builder_version=&#8220;4.19.5&#8243; _module_preset=&#8220;default&#8220; max_width=&#8220;100%&#8220; custom_padding=&#8220;||||false|false&#8220; global_colors_info=&#8220;{}&#8220;][et_pb_column type=&#8220;1_3&#8243; _builder_version=&#8220;4.18.0&#8243; _module_preset=&#8220;default&#8220; global_colors_info=&#8220;{}&#8220;][et_pb_text _builder_version=&#8220;4.19.5&#8243; _module_preset=&#8220;default&#8220; text_font=&#8220;|300|||||||&#8220; text_text_color=&#8220;#000000&#8243; text_line_height=&#8220;2.2em&#8220; hover_enabled=&#8220;0&#8243; global_colors_info=&#8220;{}&#8220; sticky_enabled=&#8220;0&#8243;]<\/p>\n<p><strong>Grundabmessungen des Maschinenraums:<\/strong><\/p>\n<ul>\n<li><span style=\"font-weight: 400;\">L\u00e4nge:<\/span>\u00a0 \u00a0 \u00a0 \u00a0<span style=\"font-weight: 400;\">1,40 m<\/span><\/li>\n<li><span style=\"font-weight: 400;\">Breite:\u00a0 \u00a0 \u00a0 \u00a0\u00a0<\/span>\u00a0 \u00a0<span style=\"font-weight: 400;\">1,40 m<\/span><\/li>\n<li><span style=\"font-weight: 400;\">H\u00f6he:<\/span>\u00a0 \u00a0 \u00a0 \u00a0 <span style=\"font-weight: 400;\">1,40 m<\/span><\/li>\n<li><span style=\"font-weight: 400;\">Gewicht:<\/span>\u00a0 \u00a0 <span style=\"font-weight: 400;\">80,00 kg<\/span><\/li>\n<li><span style=\"font-weight: 400;\">Deckelbelastbarkeit:\u00a0250,00 kg<\/span><\/li>\n<\/ul>\n<ul><\/ul>\n<p>[\/et_pb_text][\/et_pb_column][et_pb_column type=&#8220;1_3&#8243; _builder_version=&#8220;4.18.0&#8243; _module_preset=&#8220;default&#8220; global_colors_info=&#8220;{}&#8220;][et_pb_text _builder_version=&#8220;4.19.5&#8243; _module_preset=&#8220;default&#8220; text_font=&#8220;|300|||||||&#8220; text_text_color=&#8220;#000000&#8243; text_line_height=&#8220;2.2em&#8220; hover_enabled=&#8220;0&#8243; global_colors_info=&#8220;{}&#8220; sticky_enabled=&#8220;0&#8243;]<\/p>\n<p><strong>Die Maschinenr\u00e4ume sind in zwei Optionen erh\u00e4ltlich:<\/strong><\/p>\n<ul>\n<li style=\"font-weight: 400;\" aria-level=\"1\"><span style=\"font-weight: 400;\">Unausgestattet (nur das Geh\u00e4use des Maschinenraums),<\/span><\/li>\n<li style=\"font-weight: 400;\" aria-level=\"1\"><span style=\"font-weight: 400;\">Ausgestattet (standardm\u00e4\u00dfige Poolausr\u00fcstung oder Poolausr\u00fcstung nach Ihren Bed\u00fcrfnissen).<\/span><\/li>\n<\/ul>\n<p>[\/et_pb_text][et_pb_button button_url=&#8220;#kontakt&#8220; button_text=&#8220;Senden Sie uns Ihre Anfrage&#8220; _builder_version=&#8220;4.19.5&#8243; custom_button=&#8220;on&#8220; button_text_size=&#8220;17px&#8220; button_text_color=&#8220;#ffffff&#8220; button_bg_color=&#8220;#2dd6e2&#8243; button_border_width=&#8220;14px&#8220; button_border_color=&#8220;#2dd6e2&#8243; button_border_radius=&#8220;0px&#8220; button_letter_spacing=&#8220;2px&#8220; button_font=&#8220;Poppins|600|||||||&#8220; button_use_icon=&#8220;off&#8220; custom_padding=&#8220;||||true|true&#8220; hover_enabled=&#8220;0&#8243; global_colors_info=&#8220;{}&#8220; button_bg_color__hover_enabled=&#8220;on&#8220; button_bg_color__hover=&#8220;#1173db&#8220; button_letter_spacing__hover_enabled=&#8220;on&#8220; button_letter_spacing__hover=&#8220;3px&#8220; button_text_color__hover=&#8220;rgba(255,255,255,0.98)&#8220; button_text_color__hover_enabled=&#8220;on&#8220; button_border_color__hover=&#8220;#1173db&#8220; button_border_color__hover_enabled=&#8220;on&#8220; sticky_enabled=&#8220;0&#8243;][\/et_pb_button][\/et_pb_column][et_pb_column type=&#8220;1_3&#8243; _builder_version=&#8220;4.18.0&#8243; _module_preset=&#8220;default&#8220; global_colors_info=&#8220;{}&#8220;][\/et_pb_column][\/et_pb_row][et_pb_row use_custom_gutter=&#8220;on&#8220; gutter_width=&#8220;1&#8243; make_equal=&#8220;on&#8220; _builder_version=&#8220;4.19.5&#8243; _module_preset=&#8220;default&#8220; max_width=&#8220;100%&#8220; custom_padding=&#8220;||||false|false&#8220; global_colors_info=&#8220;{}&#8220;][et_pb_column type=&#8220;4_4&#8243; _builder_version=&#8220;4.19.5&#8243; _module_preset=&#8220;default&#8220; global_colors_info=&#8220;{}&#8220;][deg_elastic_gallery gallery_ids=&#8220;29352,29353,29354,29355,29357,29358,29359,29360,29361,29362,29363,29364,29365,29366,29367,29368&#8243; _builder_version=&#8220;4.19.5&#8243; _module_preset=&#8220;default&#8220; global_colors_info=&#8220;{}&#8220;][\/deg_elastic_gallery][\/et_pb_column][\/et_pb_row][et_pb_row use_custom_gutter=&#8220;on&#8220; gutter_width=&#8220;1&#8243; make_equal=&#8220;on&#8220; _builder_version=&#8220;4.19.5&#8243; _module_preset=&#8220;default&#8220; max_width=&#8220;100%&#8220; custom_padding=&#8220;||||false|false&#8220; global_colors_info=&#8220;{}&#8220;][et_pb_column type=&#8220;4_4&#8243; _builder_version=&#8220;4.19.5&#8243; _module_preset=&#8220;default&#8220; global_colors_info=&#8220;{}&#8220;][deg_elastic_gallery gallery_ids=&#8220;29625,29626,29627,29628,29629,29630,29631,29632,29633,29634,29635,29636&#8243; _builder_version=&#8220;4.19.5&#8243; _module_preset=&#8220;default&#8220; global_colors_info=&#8220;{}&#8220;][\/deg_elastic_gallery][\/et_pb_column][\/et_pb_row][\/et_pb_section]<\/p>\n","protected":false},"excerpt":{"rendered":"<p>Ein unterirdischer Polyester-Maschinenraum ist die ideale L\u00f6sung f\u00fcr die Unterbringung der Poolausr\u00fcstung, da er nicht nur wasserdicht ist, sondern auch eine schnelle und einfache Installation erm\u00f6glicht. Der Maschinenraum kann \u00fcberall im Garten platziert werden, jedoch sollten Sie darauf achten, ihn so nah wie m\u00f6glich am Pool zu platzieren, um die Installationskosten zu senken und die [&hellip;]<\/p>\n","protected":false},"author":2,"featured_media":0,"parent":0,"menu_order":0,"comment_status":"closed","ping_status":"closed","template":"","meta":{"_et_pb_use_builder":"on","_et_pb_old_content":"","_et_gb_content_width":""},"_links":{"self":[{"href":"https:\/\/jk-bazeni.hr\/de\/wp-json\/wp\/v2\/pages\/30520"}],"collection":[{"href":"https:\/\/jk-bazeni.hr\/de\/wp-json\/wp\/v2\/pages"}],"about":[{"href":"https:\/\/jk-bazeni.hr\/de\/wp-json\/wp\/v2\/types\/page"}],"author":[{"embeddable":true,"href":"https:\/\/jk-bazeni.hr\/de\/wp-json\/wp\/v2\/users\/2"}],"replies":[{"embeddable":true,"href":"https:\/\/jk-bazeni.hr\/de\/wp-json\/wp\/v2\/comments?post=30520"}],"version-history":[{"count":2,"href":"https:\/\/jk-bazeni.hr\/de\/wp-json\/wp\/v2\/pages\/30520\/revisions"}],"predecessor-version":[{"id":30573,"href":"https:\/\/jk-bazeni.hr\/de\/wp-json\/wp\/v2\/pages\/30520\/revisions\/30573"}],"wp:attachment":[{"href":"https:\/\/jk-bazeni.hr\/de\/wp-json\/wp\/v2\/media?parent=30520"}],"curies":[{"name":"wp","href":"https:\/\/api.w.org\/{rel}","templated":true}]}}