{"id":30513,"date":"2024-02-07T10:59:46","date_gmt":"2024-02-07T09:59:46","guid":{"rendered":"https:\/\/jk-bazeni.hr\/konzultacije\/"},"modified":"2024-06-03T15:28:38","modified_gmt":"2024-06-03T14:28:38","slug":"beratung","status":"publish","type":"page","link":"https:\/\/jk-bazeni.hr\/de\/beratung\/","title":{"rendered":"Beratung"},"content":{"rendered":"<p>[et_pb_section fb_built=&#8220;1&#8243; custom_padding_last_edited=&#8220;on|phone&#8220; _builder_version=&#8220;4.19.5&#8243; _module_preset=&#8220;default&#8220; use_background_color_gradient=&#8220;on&#8220; background_color_gradient_stops=&#8220;rgba(0,0,0,0.35) 0%|#000000 100%&#8220; background_color_gradient_overlays_image=&#8220;on&#8220; background_color_gradient_start=&#8220;rgba(0,0,0,0.35)&#8220; background_color_gradient_end=&#8220;#000000&#8243; background_image=&#8220;https:\/\/jk-bazeni.hr\/wp-content\/uploads\/2024\/02\/bazen.jpg&#8220; custom_padding=&#8220;190px|||||&#8220; custom_padding_tablet=&#8220;&#8220; custom_padding_phone=&#8220;50px||||false|false&#8220; saved_tabs=&#8220;all&#8220; global_colors_info=&#8220;{}&#8220;][et_pb_row _builder_version=&#8220;4.19.5&#8243; _module_preset=&#8220;default&#8220; max_width=&#8220;80%&#8220; global_colors_info=&#8220;{}&#8220;][et_pb_column type=&#8220;4_4&#8243; _builder_version=&#8220;4.16&#8243; _module_preset=&#8220;default&#8220; global_colors_info=&#8220;{}&#8220;][et_pb_post_title meta=&#8220;off&#8220; featured_image=&#8220;off&#8220; _builder_version=&#8220;4.19.5&#8243; _module_preset=&#8220;default&#8220; title_font=&#8220;|700|||||||&#8220; title_text_color=&#8220;#FFFFFF&#8220; title_font_size=&#8220;66px&#8220; title_font_size_tablet=&#8220;&#8220; title_font_size_phone=&#8220;39px&#8220; title_font_size_last_edited=&#8220;on|phone&#8220; global_colors_info=&#8220;{}&#8220;][\/et_pb_post_title][\/et_pb_column][\/et_pb_row][\/et_pb_section][et_pb_section fb_built=&#8220;1&#8243; _builder_version=&#8220;4.18.0&#8243; _module_preset=&#8220;default&#8220; custom_padding=&#8220;35px||35px||true|&#8220; global_colors_info=&#8220;{}&#8220;][et_pb_row use_custom_gutter=&#8220;on&#8220; gutter_width=&#8220;1&#8243; make_equal=&#8220;on&#8220; _builder_version=&#8220;4.18.0&#8243; _module_preset=&#8220;default&#8220; max_width=&#8220;100%&#8220; custom_padding=&#8220;0px||0px|||&#8220; global_colors_info=&#8220;{}&#8220;][et_pb_column type=&#8220;4_4&#8243; _builder_version=&#8220;4.18.0&#8243; _module_preset=&#8220;default&#8220; global_colors_info=&#8220;{}&#8220;][et_pb_text _builder_version=&#8220;4.19.5&#8243; _module_preset=&#8220;default&#8220; text_font=&#8220;|300|||||||&#8220; text_text_color=&#8220;#000000&#8243; text_font_size=&#8220;19px&#8220; hover_enabled=&#8220;0&#8243; global_colors_info=&#8220;{}&#8220; sticky_enabled=&#8220;0&#8243;]<\/p>\n<p><span style=\"font-weight: 400;\">Der Bau eines Schwimmbeckens ist ein komplexer Prozess, der eine gute Vorbereitung und Planung erfordert.<\/span><\/p>\n<p><strong>Unser Team wird Ihnen Richtlinien geben und Sie beraten, wie Sie die ideale Position sowie die Form, Gr\u00f6\u00dfe und Farbe des Pools ausw\u00e4hlen.<\/strong><\/p>\n<p>&nbsp;<\/p>\n<p>[\/et_pb_text][et_pb_button button_url=&#8220;#kontakt&#8220; button_text=&#8220;Senden Sie uns Ihre Anfrage&#8220; _builder_version=&#8220;4.19.5&#8243; custom_button=&#8220;on&#8220; button_text_size=&#8220;17px&#8220; button_text_color=&#8220;#ffffff&#8220; button_bg_color=&#8220;#2dd6e2&#8243; button_border_width=&#8220;14px&#8220; button_border_color=&#8220;#2dd6e2&#8243; button_border_radius=&#8220;0px&#8220; button_letter_spacing=&#8220;2px&#8220; button_font=&#8220;Poppins|600|||||||&#8220; button_use_icon=&#8220;off&#8220; custom_padding=&#8220;||||true|true&#8220; hover_enabled=&#8220;0&#8243; global_colors_info=&#8220;{}&#8220; button_bg_color__hover_enabled=&#8220;on&#8220; button_bg_color__hover=&#8220;#1173db&#8220; button_letter_spacing__hover_enabled=&#8220;on&#8220; button_letter_spacing__hover=&#8220;3px&#8220; button_text_color__hover=&#8220;rgba(255,255,255,0.98)&#8220; button_text_color__hover_enabled=&#8220;on&#8220; button_border_color__hover=&#8220;#1173db&#8220; button_border_color__hover_enabled=&#8220;on&#8220; sticky_enabled=&#8220;0&#8243;][\/et_pb_button][\/et_pb_column][\/et_pb_row][et_pb_row _builder_version=&#8220;4.19.5&#8243; _module_preset=&#8220;default&#8220; global_colors_info=&#8220;{}&#8220;][et_pb_column type=&#8220;4_4&#8243; _builder_version=&#8220;4.19.5&#8243; _module_preset=&#8220;default&#8220; global_colors_info=&#8220;{}&#8220;][et_pb_text _builder_version=&#8220;4.19.5&#8243; _module_preset=&#8220;default&#8220; header_2_text_align=&#8220;center&#8220; hover_enabled=&#8220;0&#8243; global_colors_info=&#8220;{}&#8220; sticky_enabled=&#8220;0&#8243;]<\/p>\n<h2><strong>Hier sind einige allgemeine Richtlinien:<\/strong><\/h2>\n<p>[\/et_pb_text][\/et_pb_column][\/et_pb_row][et_pb_row column_structure=&#8220;1_4,1_4,1_4,1_4&#8243; use_custom_gutter=&#8220;on&#8220; gutter_width=&#8220;2&#8243; make_equal=&#8220;on&#8220; _builder_version=&#8220;4.19.5&#8243; _module_preset=&#8220;default&#8220; max_width=&#8220;100%&#8220; custom_margin=&#8220;0px||||false|false&#8220; custom_padding=&#8220;||||false|false&#8220; global_colors_info=&#8220;{}&#8220;][et_pb_column type=&#8220;1_4&#8243; _builder_version=&#8220;4.18.0&#8243; _module_preset=&#8220;default&#8220; global_colors_info=&#8220;{}&#8220;][et_pb_icon font_icon=&#8220;&#xf14a;||fa||900&#8243; icon_color=&#8220;#206892&#8243; icon_width=&#8220;65px&#8220; icon_width_tablet=&#8220;65px&#8220; icon_width_phone=&#8220;55px&#8220; icon_width_last_edited=&#8220;on|phone&#8220; _builder_version=&#8220;4.19.5&#8243; _module_preset=&#8220;default&#8220; global_colors_info=&#8220;{}&#8220;][\/et_pb_icon][et_pb_text _builder_version=&#8220;4.19.5&#8243; _module_preset=&#8220;default&#8220; text_font=&#8220;|300|||||||&#8220; text_text_color=&#8220;#000000&#8243; hover_enabled=&#8220;0&#8243; global_colors_info=&#8220;{}&#8220; sticky_enabled=&#8220;0&#8243;]<\/p>\n<p><strong>POSITIONIERUNG DES POOLS:<\/strong><\/p>\n<p><span style=\"font-weight: 400;\">W\u00e4hlen Sie einen Ort auf dem Gel\u00e4nde, der sonnig, eingez\u00e4unt und ger\u00e4umig genug f\u00fcr den Pool und die Terrasse darum ist.<\/span><\/p>\n<p>[\/et_pb_text][\/et_pb_column][et_pb_column type=&#8220;1_4&#8243; _builder_version=&#8220;4.18.0&#8243; _module_preset=&#8220;default&#8220; global_colors_info=&#8220;{}&#8220;][et_pb_icon font_icon=&#8220;&#xf14a;||fa||900&#8243; icon_color=&#8220;#206892&#8243; icon_width=&#8220;65px&#8220; icon_width_tablet=&#8220;65px&#8220; icon_width_phone=&#8220;55px&#8220; icon_width_last_edited=&#8220;on|phone&#8220; _builder_version=&#8220;4.19.5&#8243; _module_preset=&#8220;default&#8220; global_colors_info=&#8220;{}&#8220;][\/et_pb_icon][et_pb_text _builder_version=&#8220;4.19.5&#8243; _module_preset=&#8220;default&#8220; text_font=&#8220;|300|||||||&#8220; text_text_color=&#8220;#000000&#8243; hover_enabled=&#8220;0&#8243; global_colors_info=&#8220;{}&#8220; sticky_enabled=&#8220;0&#8243;]<\/p>\n<p><strong>WAHL DER ART DES POOLS:<\/strong><\/p>\n<p><span style=\"font-weight: 400;\">Entscheiden Sie sich f\u00fcr die Art des Pools, die am besten zu Ihnen passt: Einbaupool oder Aufstellpool<\/span><\/p>\n<p><span style=\"font-weight: 400;\">Jede Art von Pool hat ihre eigenen Vor- und Nachteile sowie unterschiedliche Baukosten.<\/span><\/p>\n<p>[\/et_pb_text][\/et_pb_column][et_pb_column type=&#8220;1_4&#8243; _builder_version=&#8220;4.18.0&#8243; _module_preset=&#8220;default&#8220; global_colors_info=&#8220;{}&#8220;][et_pb_icon font_icon=&#8220;&#xf14a;||fa||900&#8243; icon_color=&#8220;#206892&#8243; icon_width=&#8220;65px&#8220; icon_width_tablet=&#8220;65px&#8220; icon_width_phone=&#8220;55px&#8220; icon_width_last_edited=&#8220;on|phone&#8220; _builder_version=&#8220;4.19.5&#8243; _module_preset=&#8220;default&#8220; global_colors_info=&#8220;{}&#8220;][\/et_pb_icon][et_pb_text _builder_version=&#8220;4.19.5&#8243; _module_preset=&#8220;default&#8220; text_font=&#8220;|300|||||||&#8220; text_text_color=&#8220;#000000&#8243; hover_enabled=&#8220;0&#8243; global_colors_info=&#8220;{}&#8220; sticky_enabled=&#8220;0&#8243;]<\/p>\n<p><strong>WAHL DES BAUUNTERNEHMENS:<\/strong><\/p>\n<p><span style=\"font-weight: 400;\">Bestimmen Sie Ihr Budget und finden Sie einen guten Hersteller, der Ihnen hilft, die beste Option f\u00fcr Ihr Grundst\u00fcck zu w\u00e4hlen.<\/span><\/p>\n<p><span style=\"font-weight: 400;\">Vernachl\u00e4ssigen Sie nicht die M\u00f6glichkeit der Aufrechterhaltung des Kontakts nach dem Verkauf mit dem Hersteller, da es \u00e4u\u00dferst wichtig ist, dass dieser bei Problemen mit der Wasserqualit\u00e4t oder der Poolausr\u00fcstung verf\u00fcgbar ist.<\/span><\/p>\n<p>[\/et_pb_text][\/et_pb_column][et_pb_column type=&#8220;1_4&#8243; _builder_version=&#8220;4.18.0&#8243; _module_preset=&#8220;default&#8220; global_colors_info=&#8220;{}&#8220;][et_pb_icon font_icon=&#8220;&#xf14a;||fa||900&#8243; icon_color=&#8220;#206892&#8243; icon_width=&#8220;65px&#8220; icon_width_tablet=&#8220;65px&#8220; icon_width_phone=&#8220;55px&#8220; icon_width_last_edited=&#8220;on|phone&#8220; _builder_version=&#8220;4.19.5&#8243; _module_preset=&#8220;default&#8220; global_colors_info=&#8220;{}&#8220;][\/et_pb_icon][et_pb_text _builder_version=&#8220;4.19.5&#8243; _module_preset=&#8220;default&#8220; text_font=&#8220;|300|||||||&#8220; text_text_color=&#8220;#000000&#8243; hover_enabled=&#8220;0&#8243; global_colors_info=&#8220;{}&#8220; sticky_enabled=&#8220;0&#8243;]<\/p>\n<p><strong>WAHL ZUS\u00c4TZLICHER AUSR\u00dcSTUNG:<\/strong><\/p>\n<p><span style=\"font-weight: 400;\">Poolattraktionen verbessern sowohl das Gesamtbild des Pools als auch den Genuss daran. Besondere Aufmerksamkeit sollte den Attraktionen gewidmet werden, deren nachtr\u00e4gliche Installation schwierig und damit viel teurer ist als die Installation w\u00e4hrend des Poolbaus.<\/span><\/p>\n<p>[\/et_pb_text][\/et_pb_column][\/et_pb_row][et_pb_row column_structure=&#8220;1_4,1_4,1_4,1_4&#8243; use_custom_gutter=&#8220;on&#8220; gutter_width=&#8220;2&#8243; make_equal=&#8220;on&#8220; _builder_version=&#8220;4.19.5&#8243; _module_preset=&#8220;default&#8220; max_width=&#8220;100%&#8220; custom_margin=&#8220;0px||||false|false&#8220; custom_padding=&#8220;||||false|false&#8220; global_colors_info=&#8220;{}&#8220;][et_pb_column type=&#8220;1_4&#8243; _builder_version=&#8220;4.18.0&#8243; _module_preset=&#8220;default&#8220; global_colors_info=&#8220;{}&#8220;][et_pb_icon font_icon=&#8220;&#xf14a;||fa||900&#8243; icon_color=&#8220;#206892&#8243; icon_width=&#8220;65px&#8220; icon_width_tablet=&#8220;65px&#8220; icon_width_phone=&#8220;55px&#8220; icon_width_last_edited=&#8220;on|phone&#8220; _builder_version=&#8220;4.19.5&#8243; _module_preset=&#8220;default&#8220; global_colors_info=&#8220;{}&#8220;][\/et_pb_icon][et_pb_text _builder_version=&#8220;4.19.5&#8243; _module_preset=&#8220;default&#8220; text_font=&#8220;|300|||||||&#8220; text_text_color=&#8220;#000000&#8243; hover_enabled=&#8220;0&#8243; global_colors_info=&#8220;{}&#8220; sticky_enabled=&#8220;0&#8243;]<\/p>\n<p><strong>METHODEN ZUR AUFRECHTERHALTUNG DER WASSERQUALIT\u00c4T:<\/strong><\/p>\n<p><span style=\"font-weight: 400;\">\u00dcberlegen Sie, wie viel Zeit Sie der Wartung des Pools widmen k\u00f6nnen. Optionen zur Aufrechterhaltung der Wasserqualit\u00e4t durch Elektrolyse und Reinigung des Pools mit einem Roboter stellen anfangs eine gr\u00f6\u00dfere Investition dar, lassen Ihnen aber mehr Freizeit, die heute unbezahlbar geworden ist.<\/span><\/p>\n<p>[\/et_pb_text][\/et_pb_column][et_pb_column type=&#8220;1_4&#8243; _builder_version=&#8220;4.18.0&#8243; _module_preset=&#8220;default&#8220; global_colors_info=&#8220;{}&#8220;][et_pb_icon font_icon=&#8220;&#xf14a;||fa||900&#8243; icon_color=&#8220;#206892&#8243; icon_width=&#8220;65px&#8220; icon_width_tablet=&#8220;65px&#8220; icon_width_phone=&#8220;55px&#8220; icon_width_last_edited=&#8220;on|phone&#8220; _builder_version=&#8220;4.19.5&#8243; _module_preset=&#8220;default&#8220; global_colors_info=&#8220;{}&#8220;][\/et_pb_icon][et_pb_text _builder_version=&#8220;4.19.5&#8243; _module_preset=&#8220;default&#8220; text_font=&#8220;|300|||||||&#8220; text_text_color=&#8220;#000000&#8243; hover_enabled=&#8220;0&#8243; global_colors_info=&#8220;{}&#8220; sticky_enabled=&#8220;0&#8243;]<\/p>\n<p><strong>WAHL DER ART DES MASCHINENRAUMS:<\/strong><\/p>\n<p><span style=\"font-weight: 400;\">Poolausr\u00fcstungen enthalten empfindliche Elektronik und sollten daher an einem trockenen Ort aufgestellt werden. Polyester-Maschinenr\u00e4ume sind aufgrund ihrer Wasserundurchl\u00e4ssigkeit und des gro\u00dfen Deckels, der einen bequemen Ein- und Ausgang w\u00e4hrend der Arbeiten im Maschinenraum erm\u00f6glicht, ideal.<\/span><\/p>\n<p><span style=\"font-weight: 400;\">Eine weitere Option ist die Platzierung der Ausr\u00fcstung in einem bestehenden Raum, der trocken sein muss, so nah wie m\u00f6glich am Pool und bel\u00fcftet werden kann.<\/span><\/p>\n<p>[\/et_pb_text][\/et_pb_column][et_pb_column type=&#8220;1_4&#8243; _builder_version=&#8220;4.18.0&#8243; _module_preset=&#8220;default&#8220; global_colors_info=&#8220;{}&#8220;][et_pb_icon font_icon=&#8220;&#xf14a;||fa||900&#8243; icon_color=&#8220;#206892&#8243; icon_width=&#8220;65px&#8220; icon_width_tablet=&#8220;65px&#8220; icon_width_phone=&#8220;55px&#8220; icon_width_last_edited=&#8220;on|phone&#8220; _builder_version=&#8220;4.19.5&#8243; _module_preset=&#8220;default&#8220; global_colors_info=&#8220;{}&#8220;][\/et_pb_icon][et_pb_text _builder_version=&#8220;4.19.5&#8243; _module_preset=&#8220;default&#8220; text_font=&#8220;|300|||||||&#8220; text_text_color=&#8220;#000000&#8243; hover_enabled=&#8220;0&#8243; global_colors_info=&#8220;{}&#8220; sticky_enabled=&#8220;0&#8243;]<\/p>\n<p><strong>BETONPLATTE:<\/strong><\/p>\n<p><span style=\"font-weight: 400;\">Achten Sie auf die qualitativ hochwertige Herstellung der Betonplatte.<\/span><\/p>\n<p>[\/et_pb_text][\/et_pb_column][et_pb_column type=&#8220;1_4&#8243; _builder_version=&#8220;4.18.0&#8243; _module_preset=&#8220;default&#8220; global_colors_info=&#8220;{}&#8220;][et_pb_icon font_icon=&#8220;&#xf14a;||fa||900&#8243; icon_color=&#8220;#206892&#8243; icon_width=&#8220;65px&#8220; icon_width_tablet=&#8220;65px&#8220; icon_width_phone=&#8220;55px&#8220; icon_width_last_edited=&#8220;on|phone&#8220; _builder_version=&#8220;4.19.5&#8243; _module_preset=&#8220;default&#8220; global_colors_info=&#8220;{}&#8220;][\/et_pb_icon][et_pb_text _builder_version=&#8220;4.19.5&#8243; _module_preset=&#8220;default&#8220; text_font=&#8220;|300|||||||&#8220; text_text_color=&#8220;#000000&#8243; hover_enabled=&#8220;0&#8243; global_colors_info=&#8220;{}&#8220; sticky_enabled=&#8220;0&#8243;]<\/p>\n<p><strong>GESTALTUNG DER UMGEBUNG:<\/strong><\/p>\n<p><span style=\"font-weight: 400;\">Gestalten Sie die Umgebung des Pools und passen Sie sie an die Architektur des Hauses und den Einrichtungsstil an. Sie k\u00f6nnen Pflanzen, M\u00f6bel, Pavillons, Brunnen oder andere dekorative Elemente hinzuf\u00fcgen.<\/span><\/p>\n<p>[\/et_pb_text][\/et_pb_column][\/et_pb_row][et_pb_row use_custom_gutter=&#8220;on&#8220; gutter_width=&#8220;2&#8243; make_equal=&#8220;on&#8220; _builder_version=&#8220;4.19.5&#8243; _module_preset=&#8220;default&#8220; max_width=&#8220;100%&#8220; custom_margin=&#8220;0px||||false|false&#8220; custom_padding=&#8220;||||false|false&#8220; global_colors_info=&#8220;{}&#8220;][et_pb_column type=&#8220;4_4&#8243; _builder_version=&#8220;4.19.5&#8243; _module_preset=&#8220;default&#8220; global_colors_info=&#8220;{}&#8220;][et_pb_text _builder_version=&#8220;4.19.5&#8243; _module_preset=&#8220;default&#8220; text_text_color=&#8220;#000000&#8243; text_font_size=&#8220;21px&#8220; hover_enabled=&#8220;0&#8243; global_colors_info=&#8220;{}&#8220; sticky_enabled=&#8220;0&#8243;]<\/p>\n<p><strong>Wir hoffen, dass wir Ihnen geholfen haben, besser zu verstehen, was vor dem Einbau eines Pools alles zu ber\u00fccksichtigen ist. F\u00fcr weitere Fragen stehen wir Ihnen gerne zur Verf\u00fcgung.<\/strong><\/p>\n<p>[\/et_pb_text][\/et_pb_column][\/et_pb_row][et_pb_row use_custom_gutter=&#8220;on&#8220; gutter_width=&#8220;2&#8243; make_equal=&#8220;on&#8220; _builder_version=&#8220;4.19.5&#8243; _module_preset=&#8220;default&#8220; max_width=&#8220;100%&#8220; custom_margin=&#8220;0px||||false|false&#8220; custom_padding=&#8220;||||false|false&#8220; global_colors_info=&#8220;{}&#8220;][et_pb_column type=&#8220;4_4&#8243; _builder_version=&#8220;4.19.5&#8243; _module_preset=&#8220;default&#8220; global_colors_info=&#8220;{}&#8220;][deg_elastic_gallery gallery_ids=&#8220;29310,29311,29312,29313&#8243; _builder_version=&#8220;4.19.5&#8243; _module_preset=&#8220;default&#8220; global_colors_info=&#8220;{}&#8220;][\/deg_elastic_gallery][\/et_pb_column][\/et_pb_row][\/et_pb_section]<\/p>\n","protected":false},"excerpt":{"rendered":"<p>Der Bau eines Schwimmbeckens ist ein komplexer Prozess, der eine gute Vorbereitung und Planung erfordert. Unser Team wird Ihnen Richtlinien geben und Sie beraten, wie Sie die ideale Position sowie die Form, Gr\u00f6\u00dfe und Farbe des Pools ausw\u00e4hlen. &nbsp; Hier sind einige allgemeine Richtlinien: POSITIONIERUNG DES POOLS: W\u00e4hlen Sie einen Ort auf dem Gel\u00e4nde, der [&hellip;]<\/p>\n","protected":false},"author":2,"featured_media":0,"parent":0,"menu_order":0,"comment_status":"closed","ping_status":"closed","template":"","meta":{"_et_pb_use_builder":"on","_et_pb_old_content":"","_et_gb_content_width":""},"_links":{"self":[{"href":"https:\/\/jk-bazeni.hr\/de\/wp-json\/wp\/v2\/pages\/30513"}],"collection":[{"href":"https:\/\/jk-bazeni.hr\/de\/wp-json\/wp\/v2\/pages"}],"about":[{"href":"https:\/\/jk-bazeni.hr\/de\/wp-json\/wp\/v2\/types\/page"}],"author":[{"embeddable":true,"href":"https:\/\/jk-bazeni.hr\/de\/wp-json\/wp\/v2\/users\/2"}],"replies":[{"embeddable":true,"href":"https:\/\/jk-bazeni.hr\/de\/wp-json\/wp\/v2\/comments?post=30513"}],"version-history":[{"count":2,"href":"https:\/\/jk-bazeni.hr\/de\/wp-json\/wp\/v2\/pages\/30513\/revisions"}],"predecessor-version":[{"id":30568,"href":"https:\/\/jk-bazeni.hr\/de\/wp-json\/wp\/v2\/pages\/30513\/revisions\/30568"}],"wp:attachment":[{"href":"https:\/\/jk-bazeni.hr\/de\/wp-json\/wp\/v2\/media?parent=30513"}],"curies":[{"name":"wp","href":"https:\/\/api.w.org\/{rel}","templated":true}]}}