{"id":30505,"date":"2024-02-08T13:15:48","date_gmt":"2024-02-08T12:15:48","guid":{"rendered":"https:\/\/jk-bazeni.hr\/tehnicka-podrska\/"},"modified":"2024-06-03T15:11:28","modified_gmt":"2024-06-03T14:11:28","slug":"technischer-support","status":"publish","type":"page","link":"https:\/\/jk-bazeni.hr\/de\/technischer-support\/","title":{"rendered":"Technischer Support"},"content":{"rendered":"<p>[et_pb_section fb_built=&#8220;1&#8243; custom_padding_last_edited=&#8220;on|phone&#8220; _builder_version=&#8220;4.19.5&#8243; _module_preset=&#8220;default&#8220; use_background_color_gradient=&#8220;on&#8220; background_color_gradient_stops=&#8220;rgba(0,0,0,0.35) 0%|#000000 100%&#8220; background_color_gradient_overlays_image=&#8220;on&#8220; background_color_gradient_start=&#8220;rgba(0,0,0,0.35)&#8220; background_color_gradient_end=&#8220;#000000&#8243; background_image=&#8220;https:\/\/jk-bazeni.hr\/wp-content\/uploads\/2024\/02\/bazen.jpg&#8220; custom_padding=&#8220;190px|||||&#8220; custom_padding_tablet=&#8220;190px|||||&#8220; custom_padding_phone=&#8220;50px||||false|false&#8220; saved_tabs=&#8220;all&#8220; global_colors_info=&#8220;{}&#8220;][et_pb_row _builder_version=&#8220;4.19.5&#8243; _module_preset=&#8220;default&#8220; max_width=&#8220;80%&#8220; global_colors_info=&#8220;{}&#8220;][et_pb_column type=&#8220;4_4&#8243; _builder_version=&#8220;4.16&#8243; _module_preset=&#8220;default&#8220; global_colors_info=&#8220;{}&#8220;][et_pb_post_title meta=&#8220;off&#8220; featured_image=&#8220;off&#8220; _builder_version=&#8220;4.19.5&#8243; _module_preset=&#8220;default&#8220; title_font=&#8220;|700|||||||&#8220; title_text_color=&#8220;#FFFFFF&#8220; title_font_size=&#8220;66px&#8220; title_font_size_tablet=&#8220;&#8220; title_font_size_phone=&#8220;39px&#8220; title_font_size_last_edited=&#8220;on|phone&#8220; global_colors_info=&#8220;{}&#8220;][\/et_pb_post_title][\/et_pb_column][\/et_pb_row][\/et_pb_section][et_pb_section fb_built=&#8220;1&#8243; _builder_version=&#8220;4.18.0&#8243; _module_preset=&#8220;default&#8220; custom_padding=&#8220;35px||35px||true|&#8220; global_colors_info=&#8220;{}&#8220;][et_pb_row use_custom_gutter=&#8220;on&#8220; gutter_width=&#8220;1&#8243; make_equal=&#8220;on&#8220; _builder_version=&#8220;4.18.0&#8243; _module_preset=&#8220;default&#8220; max_width=&#8220;100%&#8220; custom_padding=&#8220;0px||0px|||&#8220; global_colors_info=&#8220;{}&#8220;][et_pb_column type=&#8220;4_4&#8243; _builder_version=&#8220;4.18.0&#8243; _module_preset=&#8220;default&#8220; global_colors_info=&#8220;{}&#8220;][et_pb_text _builder_version=&#8220;4.19.5&#8243; _module_preset=&#8220;default&#8220; text_font=&#8220;|300|||||||&#8220; text_text_color=&#8220;#000000&#8243; text_font_size=&#8220;19px&#8220; text_line_height=&#8220;1.9em&#8220; custom_padding=&#8220;||35px|||&#8220; hover_enabled=&#8220;0&#8243; global_colors_info=&#8220;{}&#8220; sticky_enabled=&#8220;0&#8243;]<\/p>\n<p><span style=\"font-weight: 400;\">Wir bieten Ihnen technische Unterst\u00fctzung und Beratung f\u00fcr den Bau von Schwimmbecken. Wir helfen Ihnen bei der Auswahl der Art des Pools, der Erstellung des Entwurfskonzepts und der Einsch\u00e4tzung der erforderlichen Investition. Au\u00dferdem bieten wir Ihnen die Erstellung der vollst\u00e4ndigen Projektdokumentation, die \u00dcberwachung und Koordination der Arbeiten w\u00e4hrend des Baus sowie technische L\u00f6sungen w\u00e4hrend der Bauphase an.<\/span><\/p>\n<p><strong>Dar\u00fcber hinaus bieten wir Ihnen technischen Support f\u00fcr die Installation von Poolausr\u00fcstungen, Wartung und Reinigungsdienste.<\/strong><\/p>\n<p>[\/et_pb_text][et_pb_button button_url=&#8220;#kontakt&#8220; button_text=&#8220;Senden Sie uns Ihre Anfrage&#8220; _builder_version=&#8220;4.19.5&#8243; custom_button=&#8220;on&#8220; button_text_size=&#8220;17px&#8220; button_text_color=&#8220;#ffffff&#8220; button_bg_color=&#8220;#2dd6e2&#8243; button_border_width=&#8220;14px&#8220; button_border_color=&#8220;#2dd6e2&#8243; button_border_radius=&#8220;0px&#8220; button_letter_spacing=&#8220;2px&#8220; button_font=&#8220;Poppins|600|||||||&#8220; button_use_icon=&#8220;off&#8220; custom_padding=&#8220;||||true|true&#8220; hover_enabled=&#8220;0&#8243; global_colors_info=&#8220;{}&#8220; button_bg_color__hover_enabled=&#8220;on&#8220; button_bg_color__hover=&#8220;#1173db&#8220; button_letter_spacing__hover_enabled=&#8220;on&#8220; button_letter_spacing__hover=&#8220;3px&#8220; button_text_color__hover=&#8220;rgba(255,255,255,0.98)&#8220; button_text_color__hover_enabled=&#8220;on&#8220; button_border_color__hover=&#8220;#1173db&#8220; button_border_color__hover_enabled=&#8220;on&#8220; sticky_enabled=&#8220;0&#8243;][\/et_pb_button][\/et_pb_column][\/et_pb_row][et_pb_row use_custom_gutter=&#8220;on&#8220; gutter_width=&#8220;1&#8243; make_equal=&#8220;on&#8220; _builder_version=&#8220;4.19.5&#8243; _module_preset=&#8220;default&#8220; max_width=&#8220;100%&#8220; custom_padding=&#8220;||||false|false&#8220; global_colors_info=&#8220;{}&#8220;][et_pb_column type=&#8220;4_4&#8243; _builder_version=&#8220;4.18.0&#8243; _module_preset=&#8220;default&#8220; global_colors_info=&#8220;{}&#8220;][deg_elastic_gallery gallery_ids=&#8220;29580,29581,29582,29583&#8243; _builder_version=&#8220;4.19.5&#8243; _module_preset=&#8220;default&#8220; global_colors_info=&#8220;{}&#8220;][\/deg_elastic_gallery][\/et_pb_column][\/et_pb_row][\/et_pb_section]<\/p>\n","protected":false},"excerpt":{"rendered":"<p>Wir bieten Ihnen technische Unterst\u00fctzung und Beratung f\u00fcr den Bau von Schwimmbecken. Wir helfen Ihnen bei der Auswahl der Art des Pools, der Erstellung des Entwurfskonzepts und der Einsch\u00e4tzung der erforderlichen Investition. Au\u00dferdem bieten wir Ihnen die Erstellung der vollst\u00e4ndigen Projektdokumentation, die \u00dcberwachung und Koordination der Arbeiten w\u00e4hrend des Baus sowie technische L\u00f6sungen w\u00e4hrend der [&hellip;]<\/p>\n","protected":false},"author":2,"featured_media":0,"parent":0,"menu_order":0,"comment_status":"closed","ping_status":"closed","template":"","meta":{"_et_pb_use_builder":"on","_et_pb_old_content":"","_et_gb_content_width":""},"_links":{"self":[{"href":"https:\/\/jk-bazeni.hr\/de\/wp-json\/wp\/v2\/pages\/30505"}],"collection":[{"href":"https:\/\/jk-bazeni.hr\/de\/wp-json\/wp\/v2\/pages"}],"about":[{"href":"https:\/\/jk-bazeni.hr\/de\/wp-json\/wp\/v2\/types\/page"}],"author":[{"embeddable":true,"href":"https:\/\/jk-bazeni.hr\/de\/wp-json\/wp\/v2\/users\/2"}],"replies":[{"embeddable":true,"href":"https:\/\/jk-bazeni.hr\/de\/wp-json\/wp\/v2\/comments?post=30505"}],"version-history":[{"count":2,"href":"https:\/\/jk-bazeni.hr\/de\/wp-json\/wp\/v2\/pages\/30505\/revisions"}],"predecessor-version":[{"id":30564,"href":"https:\/\/jk-bazeni.hr\/de\/wp-json\/wp\/v2\/pages\/30505\/revisions\/30564"}],"wp:attachment":[{"href":"https:\/\/jk-bazeni.hr\/de\/wp-json\/wp\/v2\/media?parent=30505"}],"curies":[{"name":"wp","href":"https:\/\/api.w.org\/{rel}","templated":true}]}}