{"id":30498,"date":"2024-02-07T11:51:03","date_gmt":"2024-02-07T10:51:03","guid":{"rendered":"https:\/\/jk-bazeni.hr\/odrzavanje-bazena\/"},"modified":"2024-06-03T15:01:59","modified_gmt":"2024-06-03T14:01:59","slug":"poolpflege","status":"publish","type":"page","link":"https:\/\/jk-bazeni.hr\/de\/poolpflege\/","title":{"rendered":"Poolpflege"},"content":{"rendered":"<p>[et_pb_section fb_built=&#8220;1&#8243; _builder_version=&#8220;4.19.5&#8243; _module_preset=&#8220;default&#8220; use_background_color_gradient=&#8220;on&#8220; background_color_gradient_stops=&#8220;rgba(0,0,0,0.35) 0%|#000000 100%&#8220; background_color_gradient_overlays_image=&#8220;on&#8220; background_color_gradient_start=&#8220;rgba(0,0,0,0.35)&#8220; background_color_gradient_end=&#8220;#000000&#8243; background_image=&#8220;https:\/\/jk-bazeni.hr\/wp-content\/uploads\/2024\/02\/bazen.jpg&#8220; custom_padding=&#8220;190px|||||&#8220; saved_tabs=&#8220;all&#8220; global_colors_info=&#8220;{}&#8220;][et_pb_row _builder_version=&#8220;4.16&#8243; _module_preset=&#8220;default&#8220; global_colors_info=&#8220;{}&#8220;][et_pb_column type=&#8220;4_4&#8243; _builder_version=&#8220;4.16&#8243; _module_preset=&#8220;default&#8220; global_colors_info=&#8220;{}&#8220;][et_pb_post_title meta=&#8220;off&#8220; featured_image=&#8220;off&#8220; _builder_version=&#8220;4.16&#8243; _module_preset=&#8220;default&#8220; title_font=&#8220;|700|||||||&#8220; title_text_color=&#8220;#FFFFFF&#8220; title_font_size=&#8220;66px&#8220; global_colors_info=&#8220;{}&#8220;][\/et_pb_post_title][\/et_pb_column][\/et_pb_row][\/et_pb_section][et_pb_section fb_built=&#8220;1&#8243; _builder_version=&#8220;4.18.0&#8243; _module_preset=&#8220;default&#8220; custom_padding=&#8220;35px||35px||true|&#8220; global_colors_info=&#8220;{}&#8220;][et_pb_row use_custom_gutter=&#8220;on&#8220; gutter_width=&#8220;1&#8243; make_equal=&#8220;on&#8220; _builder_version=&#8220;4.19.5&#8243; _module_preset=&#8220;default&#8220; max_width=&#8220;100%&#8220; custom_padding=&#8220;||||false|false&#8220; global_colors_info=&#8220;{}&#8220;][et_pb_column type=&#8220;4_4&#8243; _builder_version=&#8220;4.18.0&#8243; _module_preset=&#8220;default&#8220; global_colors_info=&#8220;{}&#8220;][et_pb_text _builder_version=&#8220;4.19.5&#8243; _module_preset=&#8220;default&#8220; text_font=&#8220;|300|||||||&#8220; text_text_color=&#8220;#000000&#8243; text_font_size=&#8220;19px&#8220; custom_padding=&#8220;||31px|||&#8220; hover_enabled=&#8220;0&#8243; global_colors_info=&#8220;{}&#8220; sticky_enabled=&#8220;0&#8243;]<\/p>\n<p><span style=\"font-weight: 400;\">Der Pool muss regelm\u00e4\u00dfig gewartet werden, um die Wasserqualit\u00e4t zu gew\u00e4hrleisten und die darin arbeitenden Ger\u00e4te zu sch\u00fctzen.<\/span><\/p>\n<p><span style=\"font-weight: 400;\">Eine korrekte w\u00f6chentliche Wartung ist entscheidend, um die Lebensdauer und Sauberkeit des Pools zu verl\u00e4ngern. Regelm\u00e4\u00dfige Durchf\u00fchrung kleiner, einfacher Ma\u00dfnahmen kann die Kosten f\u00fcr Reparaturen und andere teure Wartungsrechnungen reduzieren, wenn kleine Probleme zu etwas viel Ernsterem heranwachsen.<\/span><\/p>\n<p><strong><i>Die Wasserqualit\u00e4t im Pool ist \u00e4u\u00dferst wichtig f\u00fcr die Gesundheit der Schwimmer und den Schutz der Poolger\u00e4te.<\/i><\/strong><\/p>\n<p>[\/et_pb_text][et_pb_button button_url=&#8220;#kontakt&#8220; button_text=&#8220;Kontaktieren Sie uns&#8220; _builder_version=&#8220;4.19.5&#8243; custom_button=&#8220;on&#8220; button_text_size=&#8220;17px&#8220; button_text_color=&#8220;#ffffff&#8220; button_bg_color=&#8220;#2dd6e2&#8243; button_border_width=&#8220;14px&#8220; button_border_color=&#8220;#2dd6e2&#8243; button_border_radius=&#8220;0px&#8220; button_letter_spacing=&#8220;2px&#8220; button_font=&#8220;Poppins|600|||||||&#8220; button_use_icon=&#8220;off&#8220; custom_padding=&#8220;||||true|true&#8220; hover_enabled=&#8220;0&#8243; global_colors_info=&#8220;{}&#8220; button_bg_color__hover_enabled=&#8220;on&#8220; button_bg_color__hover=&#8220;#1173db&#8220; button_letter_spacing__hover_enabled=&#8220;on&#8220; button_letter_spacing__hover=&#8220;3px&#8220; button_text_color__hover=&#8220;rgba(255,255,255,0.98)&#8220; button_text_color__hover_enabled=&#8220;on&#8220; button_border_color__hover=&#8220;#1173db&#8220; button_border_color__hover_enabled=&#8220;on&#8220; sticky_enabled=&#8220;0&#8243;][\/et_pb_button][\/et_pb_column][\/et_pb_row][et_pb_row use_custom_gutter=&#8220;on&#8220; gutter_width=&#8220;1&#8243; make_equal=&#8220;on&#8220; _builder_version=&#8220;4.19.5&#8243; _module_preset=&#8220;default&#8220; max_width=&#8220;100%&#8220; custom_padding=&#8220;||||false|false&#8220; global_colors_info=&#8220;{}&#8220;][et_pb_column type=&#8220;4_4&#8243; _builder_version=&#8220;4.18.0&#8243; _module_preset=&#8220;default&#8220; global_colors_info=&#8220;{}&#8220;][et_pb_text _builder_version=&#8220;4.19.5&#8243; _module_preset=&#8220;default&#8220; text_font=&#8220;|300|||||||&#8220; text_text_color=&#8220;#000000&#8243; header_3_line_height=&#8220;1.4em&#8220; hover_enabled=&#8220;0&#8243; global_colors_info=&#8220;{}&#8220; sticky_enabled=&#8220;0&#8243;]<\/p>\n<h3><strong>VORBEREITUNG DES POOLS F\u00dcR DIE SAISON<\/strong><\/h3>\n<p><span style=\"font-weight: 400;\">Bevor Sie die Winterabdeckung vom Pool entfernen, reinigen Sie die Umgebung des Pools von Bl\u00e4ttern, Zweigen und anderen Verunreinigungen, die ins Wasser fallen k\u00f6nnten.<\/span><\/p>\n<p><span style=\"font-weight: 400;\">Waschen, trocknen und lagern Sie die Abdeckung an einem trockenen und geschlossenen Ort.<\/span><\/p>\n<p><span style=\"font-weight: 400;\">Entfernen Sie mit einem Netz alle gr\u00f6\u00dferen Verunreinigungen, die an der Wasseroberfl\u00e4che schwimmen oder auf den Boden des Pools gefallen sind.<\/span><\/p>\n<p><span style=\"font-weight: 400;\">\u00dcberpr\u00fcfen Sie visuell alle Poolger\u00e4te (Rohre, Anschl\u00fcsse, Ventile, Filter, Pumpe, Beleuchtung, Leiter, D\u00fcsen\u2026) und pr\u00fcfen Sie auf Besch\u00e4digungen oder Defekte. Falls erforderlich, ersetzen Sie den Quarzsand im Filter oder verwenden Sie Glasfiltermedium, das eine l\u00e4ngere Lebensdauer und bessere Leistung bietet.<\/span><\/p>\n<p><span style=\"font-weight: 400;\">Reinigen Sie gr\u00fcndlich alle Oberfl\u00e4chen des Pools mit einem Mittel zur Entfernung organischer Verunreinigungen (Staub, Fett, \u00d6le, Pflanzenreste\u2026) und einem Mittel zur Entfernung anorganischer Verunreinigungen (Kalk, mineralische Verschmutzungen, Rost\u2026). Reinigen Sie den Pool nicht bei starker Sonneneinstrahlung und verwenden Sie keine zu starken Konzentrate von Reinigungsmitteln.<\/span><\/p>\n<p><span style=\"font-weight: 400;\">Nachdem Sie alles gr\u00fcndlich gereinigt haben, bespr\u00fchen Sie die W\u00e4nde des Pools mit einer 10%igen L\u00f6sung von Algizid, um das Wachstum und die Entwicklung von Algen zu verhindern.<\/span><\/p>\n<p><span style=\"font-weight: 400;\">\u00dcberpr\u00fcfen Sie vor dem Bef\u00fcllen oder Nachf\u00fcllen des Pools mit Wasser, ob Sie gen\u00fcgend Mittel zur Wasserbehandlung im Pool haben. \u00dcberpr\u00fcfen Sie auch die Funktionsf\u00e4higkeit der Ger\u00e4te zur Messung der Poolwasserparameter (pH und freies Chlor) und der Reagenztabletten daf\u00fcr.<\/span><\/p>\n<p><span style=\"font-weight: 400;\">F\u00fcllen oder f\u00fcllen Sie den Pool mit Wasser und stellen Sie die Poolwasserparameter gem\u00e4\u00df den Anweisungen des Herstellers der Wasserbehandlungsmittel ein.<\/span><\/p>\n<p>[\/et_pb_text][\/et_pb_column][\/et_pb_row][et_pb_row use_custom_gutter=&#8220;on&#8220; gutter_width=&#8220;1&#8243; make_equal=&#8220;on&#8220; _builder_version=&#8220;4.19.5&#8243; _module_preset=&#8220;default&#8220; max_width=&#8220;100%&#8220; custom_padding=&#8220;||||false|false&#8220; global_colors_info=&#8220;{}&#8220;][et_pb_column type=&#8220;4_4&#8243; _builder_version=&#8220;4.18.0&#8243; _module_preset=&#8220;default&#8220; global_colors_info=&#8220;{}&#8220;][et_pb_text _builder_version=&#8220;4.19.5&#8243; _module_preset=&#8220;default&#8220; text_font=&#8220;|300|||||||&#8220; text_text_color=&#8220;#000000&#8243; header_3_line_height=&#8220;1.4em&#8220; hover_enabled=&#8220;0&#8243; global_colors_info=&#8220;{}&#8220; sticky_enabled=&#8220;0&#8243;]<\/p>\n<h3><strong>REGELM\u00c4SSIGE WARTUNG<\/strong><\/h3>\n<p><span style=\"font-weight: 400;\"><strong>Die Wartung des Pools umfasst:<\/strong>\u00a0<\/span><\/p>\n<ul>\n<li style=\"font-weight: 400;\" aria-level=\"1\"><span style=\"font-weight: 400;\">die Pflege des Poolwassers mit chemischen Mitteln,<\/span><\/li>\n<li style=\"font-weight: 400;\" aria-level=\"1\"><span style=\"font-weight: 400;\">das Absaugen des Poolbodens,<\/span><\/li>\n<li style=\"font-weight: 400;\" aria-level=\"1\"><span style=\"font-weight: 400;\">die Kontrolle und Wartung der Poolger\u00e4te,\u00a0<\/span><\/li>\n<li style=\"font-weight: 400;\" aria-level=\"1\"><span style=\"font-weight: 400;\">das Sp\u00fclen des Filters,\u00a0<\/span><\/li>\n<li style=\"font-weight: 400;\" aria-level=\"1\"><span style=\"font-weight: 400;\">die Kontrolle der Dosierautomatik,\u00a0<\/span><\/li>\n<\/ul>\n<p><strong><i>Die Kontrolle des Poolwassers und der Ger\u00e4te ist mindestens einmal pro Woche erforderlich, und falls keine Dosierautomatik installiert ist, h\u00e4ufiger.<\/i><\/strong><\/p>\n<p>[\/et_pb_text][\/et_pb_column][\/et_pb_row][et_pb_row use_custom_gutter=&#8220;on&#8220; gutter_width=&#8220;1&#8243; make_equal=&#8220;on&#8220; _builder_version=&#8220;4.19.5&#8243; _module_preset=&#8220;default&#8220; max_width=&#8220;100%&#8220; custom_padding=&#8220;||||false|false&#8220; global_colors_info=&#8220;{}&#8220;][et_pb_column type=&#8220;4_4&#8243; _builder_version=&#8220;4.18.0&#8243; _module_preset=&#8220;default&#8220; global_colors_info=&#8220;{}&#8220;][et_pb_text _builder_version=&#8220;4.19.5&#8243; _module_preset=&#8220;default&#8220; text_font=&#8220;|300|||||||&#8220; text_text_color=&#8220;#000000&#8243; header_3_line_height=&#8220;1.4em&#8220; custom_padding=&#8220;||26px|||&#8220; hover_enabled=&#8220;0&#8243; global_colors_info=&#8220;{}&#8220; sticky_enabled=&#8220;0&#8243;]<\/p>\n<h3><strong>VORBEREITUNG DES POOLS F\u00dcR DEN WINTER<\/strong><\/h3>\n<p><strong>F\u00fcr die Vorbereitung des Pools f\u00fcr den Winter wird folgender Ablauf empfohlen:<\/strong><\/p>\n<ul>\n<li><span style=\"font-weight: 400;\">Entfernen Sie alle Zubeh\u00f6rteile und Ausr\u00fcstungen aus dem Pool (Skimmerk\u00f6rbe, Treppen, Handl\u00e4ufe usw.).<\/span><\/li>\n<li><span style=\"font-weight: 400;\">Reinigen Sie den Pool gr\u00fcndlich, saugen Sie ihn ab und b\u00fcrsten Sie die W\u00e4nde, um m\u00f6glichst viel organisches Material aus dem Pool zu entfernen.<\/span><\/li>\n<li><span style=\"font-weight: 400;\">Stellen Sie den pH-Wert des Wassers ein und chloren Sie das Wasser bei Bedarf sto\u00dfweise.<\/span><\/li>\n<li><span style=\"font-weight: 400;\">F\u00fcgen Sie dem Pool ein \u00dcberwinterungsmittel hinzu und lassen Sie die Poolpumpe laufen, damit sich das Mittel gleichm\u00e4\u00dfig im Wasser verteilt.<\/span><\/li>\n<li><span style=\"font-weight: 400;\">Senken Sie den Wasserstand im Pool unter die H\u00f6he der Plastikelemente (Skimmer, D\u00fcsen, Lichter), sodass etwa 2\/3 oder 1\/2 des Wassers bleibt, um die Plastikelemente vor den negativen Einfl\u00fcssen des Einfrierens der Wasseroberfl\u00e4che zu sch\u00fctzen.<\/span><\/li>\n<li><span style=\"font-weight: 400;\">Decken Sie den Pool mit einer Winterabdeckung ab, damit keine Bl\u00e4tter und andere Verunreinigungen hineinfahren. Au\u00dferdem ist der Pool im Winter vor UV-Strahlung gesch\u00fctzt, was die Lebensdauer des Poolbeckens verl\u00e4ngert.<\/span><\/li>\n<li><span style=\"font-weight: 400;\">F\u00fcr alle Maschinenr\u00e4ume gilt, dass es sehr wichtig ist, sicherzustellen, dass die Temperatur im Maschinenraum nicht unter 0\u00b0C f\u00e4llt. Deshalb k\u00f6nnen Sie dort einen elektrischen Heizk\u00f6rper mit Frostschutzfunktion aufstellen.<\/span><\/li>\n<\/ul>\n<p><strong><i>Wenn Sie aus irgendeinem Grund nicht in der Lage sind, Ihre Zeit daf\u00fcr aufzuwenden, oder Sie sich einfach nicht damit besch\u00e4ftigen m\u00f6chten, wenden Sie sich vertrauensvoll an uns, und wir werden eine Wartungsoption vereinbaren, die am besten zu Ihnen passt.<\/i><\/strong><\/p>\n<p>[\/et_pb_text][et_pb_button button_url=&#8220;#kontakt&#8220; button_text=&#8220;Senden Sie uns Ihre Anfrage&#8220; _builder_version=&#8220;4.19.5&#8243; custom_button=&#8220;on&#8220; button_text_size=&#8220;17px&#8220; button_text_color=&#8220;#ffffff&#8220; button_bg_color=&#8220;#2dd6e2&#8243; button_border_width=&#8220;14px&#8220; button_border_color=&#8220;#2dd6e2&#8243; button_border_radius=&#8220;0px&#8220; button_letter_spacing=&#8220;2px&#8220; button_font=&#8220;Poppins|600|||||||&#8220; button_use_icon=&#8220;off&#8220; custom_padding=&#8220;||||true|true&#8220; hover_enabled=&#8220;0&#8243; global_colors_info=&#8220;{}&#8220; button_bg_color__hover_enabled=&#8220;on&#8220; button_bg_color__hover=&#8220;#1173db&#8220; button_letter_spacing__hover_enabled=&#8220;on&#8220; button_letter_spacing__hover=&#8220;3px&#8220; button_text_color__hover=&#8220;rgba(255,255,255,0.98)&#8220; button_text_color__hover_enabled=&#8220;on&#8220; button_border_color__hover=&#8220;#1173db&#8220; button_border_color__hover_enabled=&#8220;on&#8220; sticky_enabled=&#8220;0&#8243;][\/et_pb_button][\/et_pb_column][\/et_pb_row][et_pb_row use_custom_gutter=&#8220;on&#8220; gutter_width=&#8220;1&#8243; make_equal=&#8220;on&#8220; _builder_version=&#8220;4.19.5&#8243; _module_preset=&#8220;default&#8220; max_width=&#8220;100%&#8220; custom_padding=&#8220;||||false|false&#8220; global_colors_info=&#8220;{}&#8220;][et_pb_column type=&#8220;4_4&#8243; _builder_version=&#8220;4.19.5&#8243; _module_preset=&#8220;default&#8220; global_colors_info=&#8220;{}&#8220;][deg_elastic_gallery gallery_ids=&#8220;29461,29424,29425,29426&#8243; _builder_version=&#8220;4.19.5&#8243; _module_preset=&#8220;default&#8220; global_colors_info=&#8220;{}&#8220;][\/deg_elastic_gallery][\/et_pb_column][\/et_pb_row][\/et_pb_section]<\/p>\n","protected":false},"excerpt":{"rendered":"<p>Der Pool muss regelm\u00e4\u00dfig gewartet werden, um die Wasserqualit\u00e4t zu gew\u00e4hrleisten und die darin arbeitenden Ger\u00e4te zu sch\u00fctzen. Eine korrekte w\u00f6chentliche Wartung ist entscheidend, um die Lebensdauer und Sauberkeit des Pools zu verl\u00e4ngern. Regelm\u00e4\u00dfige Durchf\u00fchrung kleiner, einfacher Ma\u00dfnahmen kann die Kosten f\u00fcr Reparaturen und andere teure Wartungsrechnungen reduzieren, wenn kleine Probleme zu etwas viel Ernsterem [&hellip;]<\/p>\n","protected":false},"author":2,"featured_media":0,"parent":0,"menu_order":0,"comment_status":"closed","ping_status":"closed","template":"","meta":{"_et_pb_use_builder":"on","_et_pb_old_content":"","_et_gb_content_width":""},"_links":{"self":[{"href":"https:\/\/jk-bazeni.hr\/de\/wp-json\/wp\/v2\/pages\/30498"}],"collection":[{"href":"https:\/\/jk-bazeni.hr\/de\/wp-json\/wp\/v2\/pages"}],"about":[{"href":"https:\/\/jk-bazeni.hr\/de\/wp-json\/wp\/v2\/types\/page"}],"author":[{"embeddable":true,"href":"https:\/\/jk-bazeni.hr\/de\/wp-json\/wp\/v2\/users\/2"}],"replies":[{"embeddable":true,"href":"https:\/\/jk-bazeni.hr\/de\/wp-json\/wp\/v2\/comments?post=30498"}],"version-history":[{"count":2,"href":"https:\/\/jk-bazeni.hr\/de\/wp-json\/wp\/v2\/pages\/30498\/revisions"}],"predecessor-version":[{"id":30560,"href":"https:\/\/jk-bazeni.hr\/de\/wp-json\/wp\/v2\/pages\/30498\/revisions\/30560"}],"wp:attachment":[{"href":"https:\/\/jk-bazeni.hr\/de\/wp-json\/wp\/v2\/media?parent=30498"}],"curies":[{"name":"wp","href":"https:\/\/api.w.org\/{rel}","templated":true}]}}