{"id":30475,"date":"2024-02-11T10:06:00","date_gmt":"2024-02-11T09:06:00","guid":{"rendered":"https:\/\/jk-bazeni.hr\/o-nama\/"},"modified":"2024-06-03T06:43:59","modified_gmt":"2024-06-03T05:43:59","slug":"ueber-uns","status":"publish","type":"page","link":"https:\/\/jk-bazeni.hr\/de\/ueber-uns\/","title":{"rendered":"\u00dcber uns"},"content":{"rendered":"<p>[et_pb_section fb_built=&#8220;1&#8243; custom_padding_last_edited=&#8220;on|phone&#8220; _builder_version=&#8220;4.19.5&#8243; _module_preset=&#8220;default&#8220; use_background_color_gradient=&#8220;on&#8220; background_color_gradient_stops=&#8220;rgba(0,0,0,0.35) 0%|#000000 100%&#8220; background_color_gradient_overlays_image=&#8220;on&#8220; background_color_gradient_start=&#8220;rgba(0,0,0,0.35)&#8220; background_color_gradient_end=&#8220;#000000&#8243; background_image=&#8220;https:\/\/jk-bazeni.hr\/wp-content\/uploads\/2024\/02\/bazen.jpg&#8220; custom_padding=&#8220;190px|||||&#8220; custom_padding_tablet=&#8220;&#8220; custom_padding_phone=&#8220;50px||||false|false&#8220; saved_tabs=&#8220;all&#8220; global_colors_info=&#8220;{}&#8220;][et_pb_row _builder_version=&#8220;4.19.5&#8243; _module_preset=&#8220;default&#8220; max_width=&#8220;80%&#8220; global_colors_info=&#8220;{}&#8220;][et_pb_column type=&#8220;4_4&#8243; _builder_version=&#8220;4.16&#8243; _module_preset=&#8220;default&#8220; global_colors_info=&#8220;{}&#8220;][et_pb_post_title meta=&#8220;off&#8220; featured_image=&#8220;off&#8220; _builder_version=&#8220;4.19.5&#8243; _module_preset=&#8220;default&#8220; title_font=&#8220;|700|||||||&#8220; title_text_color=&#8220;#FFFFFF&#8220; title_font_size=&#8220;66px&#8220; title_font_size_tablet=&#8220;&#8220; title_font_size_phone=&#8220;39px&#8220; title_font_size_last_edited=&#8220;on|phone&#8220; global_colors_info=&#8220;{}&#8220;][\/et_pb_post_title][\/et_pb_column][\/et_pb_row][\/et_pb_section][et_pb_section fb_built=&#8220;1&#8243; admin_label=&#8220;Call to Action&#8220; _builder_version=&#8220;4.24.0&#8243; _module_preset=&#8220;default&#8220; custom_padding=&#8220;||0px|||&#8220; collapsed=&#8220;on&#8220; global_colors_info=&#8220;{}&#8220;][et_pb_row _builder_version=&#8220;4.19.5&#8243; _module_preset=&#8220;default&#8220; max_width=&#8220;80%&#8220; custom_margin=&#8220;||||false|false&#8220; global_colors_info=&#8220;{}&#8220;][et_pb_column type=&#8220;4_4&#8243; _builder_version=&#8220;4.20.0&#8243; _module_preset=&#8220;default&#8220; global_colors_info=&#8220;{}&#8220;][et_pb_text _builder_version=&#8220;4.19.5&#8243; _module_preset=&#8220;e2ddf220-d4ea-4a35-99c0-95a87602bd75&#8243; header_font=&#8220;|600|||||||&#8220; header_2_font=&#8220;|600|||||||&#8220; header_2_font_size=&#8220;40px&#8220; text_orientation=&#8220;center&#8220; hover_enabled=&#8220;0&#8243; header_2_font_size_tablet=&#8220;40px&#8220; header_2_font_size_phone=&#8220;32px&#8220; header_2_font_size_last_edited=&#8220;on|phone&#8220; global_colors_info=&#8220;{}&#8220; sticky_enabled=&#8220;0&#8243;]<\/p>\n<h2>Firma JK \u2013 NAUTIKA d.o.o.<\/h2>\n<p>[\/et_pb_text][et_pb_text _builder_version=&#8220;4.19.5&#8243; _module_preset=&#8220;b2544071-db4e-4d78-b840-6261ac772be3&#8243; text_orientation=&#8220;center&#8220; module_alignment=&#8220;center&#8220; hover_enabled=&#8220;0&#8243; locked=&#8220;off&#8220; global_colors_info=&#8220;{}&#8220; sticky_enabled=&#8220;0&#8243;]<\/p>\n<p>hat sich durch langj\u00e4hrige Erfahrung in der Herstellung von Polyesterprodukten perfektioniert, die sich durch Design und Funktionalit\u00e4t an die Bed\u00fcrfnisse der Kunden anpassen.<\/p>\n<p>Unser Produktionsprogramm ist eng mit dem touristischen Angebot sowohl an der K\u00fcste als auch im Binnenland verbunden. Angesichts eines dynamischen und anspruchsvollen Marktes, der sich st\u00e4ndig ver\u00e4ndert, haben wir mit der Herstellung ma\u00dfgeschneiderter Poolbecken geantwortet, die durch ihr Design den spezifischen Bed\u00fcrfnissen der Kunden angepasst sind.<\/p>\n<p>Zuverl\u00e4ssige Qualit\u00e4t und die M\u00f6glichkeit, ma\u00dfgeschneiderte Pools herzustellen, haben zu einer erh\u00f6hten Nachfrage nach unseren Pools gef\u00fchrt. Im Sommer 2023 haben wir die Marke JK \u2013 BAZENI auf den Markt gebracht, die sich auf die Herstellung von Polyesterpools und deren Ausstattung mit Produkten bew\u00e4hrter Hersteller (Hayward, Speck, Astral, Bayrol \u2026) spezialisiert.<\/p>\n<p>Mit der steigenden Nachfrage nach unseren Pools auf dem \u00f6sterreichischen Markt haben wir im Herbst 2023 eine Vertretung in Wien er\u00f6ffnet. Auf dem heimischen Markt sind wir seit 2004 pr\u00e4sent, als Direktor Josip Kosanovi\u0107 den Titel Meister Schiffbauer erwarb. Die Firma begann 2014 mit der Herstellung und Ausstattung von Polyesterpools und wir k\u00f6nnen stolz sagen, dass wir einer der wenigen Hersteller von Polyesterpools in Kroatien sind.<\/p>\n<p>Die gesamte Produktion erfolgt nach ISO-Standards.<\/p>\n<p><strong>Im Februar 2018 wurden unsere Bem\u00fchungen nach monatelanger \u00dcberwachung verdient mit den Zertifikaten ISO 9001 und ISO 14001 ausgezeichnet, die beweisen, dass wir die Anforderungen des Qualit\u00e4tsmanagementsystems und des Umweltmanagementsystems erfolgreich umgesetzt haben. Im Januar 2021 haben wir auch ein Gesundheits- und Arbeitssicherheitsmanagementsystem implementiert und das ISO 45001 Zertifikat erhalten.<\/strong><\/p>\n<p>[\/et_pb_text][\/et_pb_column][\/et_pb_row][\/et_pb_section][et_pb_section fb_built=&#8220;1&#8243; admin_label=&#8220;Call to Action&#8220; _builder_version=&#8220;4.19.5&#8243; _module_preset=&#8220;default&#8220; background_color=&#8220;rgba(239,239,239,0.62)&#8220; custom_padding=&#8220;3px|||||&#8220; collapsed=&#8220;on&#8220; global_colors_info=&#8220;{%22gcid-36a744c3-3bc0-47a4-9493-942b5d904b59%22:%91%22background_color_gradient_stops%22%93}&#8220;][et_pb_row custom_padding_last_edited=&#8220;on|tablet&#8220; _builder_version=&#8220;4.19.5&#8243; _module_preset=&#8220;default&#8220; background_image=&#8220;https:\/\/jk-bazeni.hr\/wp-content\/uploads\/2024\/02\/7.00-x-3.00-x-1.10-m-6.jpg&#8220; width=&#8220;90%&#8220; max_width=&#8220;none&#8220; custom_margin=&#8220;10vw|||10vw|false|false&#8220; custom_margin_tablet=&#8220;|||10vw|false|false&#8220; custom_margin_phone=&#8220;&#8220; custom_margin_last_edited=&#8220;on|phone&#8220; custom_padding=&#8220;|26vw||16vw|false|false&#8220; custom_padding_tablet=&#8220;|10vw||0vw|false|false&#8220; custom_padding_phone=&#8220;&#8220; global_colors_info=&#8220;{}&#8220;][et_pb_column type=&#8220;4_4&#8243; _builder_version=&#8220;4.19.5&#8243; _module_preset=&#8220;default&#8220; background_color=&#8220;#70cde9&#8243; transform_translate=&#8220;0px|-10vw&#8220; transform_translate_linked=&#8220;off&#8220; custom_padding=&#8220;60px|60px|60px|60px|true|true&#8220; custom_padding_tablet=&#8220;30px|30px|30px|30px|true|true&#8220; custom_padding_phone=&#8220;20px|20px|20px|20px|true|true&#8220; custom_padding_last_edited=&#8220;on|phone&#8220; global_colors_info=&#8220;{}&#8220;][et_pb_text _builder_version=&#8220;4.19.5&#8243; _module_preset=&#8220;ceac866e-b615-4b33-bbac-1e5289712d8c&#8220; header_2_text_color=&#8220;#FFFFFF&#8220; text_orientation=&#8220;center&#8220; custom_margin=&#8220;||0px||false|false&#8220; hover_enabled=&#8220;0&#8243; global_colors_info=&#8220;{}&#8220; sticky_enabled=&#8220;0&#8243;]<\/p>\n<h2>Kontaktieren Sie uns<\/h2>\n<p>[\/et_pb_text][et_pb_text _builder_version=&#8220;4.19.5&#8243; _module_preset=&#8220;ceac866e-b615-4b33-bbac-1e5289712d8c&#8220; header_2_text_color=&#8220;gcid-36a744c3-3bc0-47a4-9493-942b5d904b59&#8243; text_orientation=&#8220;center&#8220; custom_margin=&#8220;||10px||false|false&#8220; hover_enabled=&#8220;0&#8243; global_colors_info=&#8220;{%22gcid-36a744c3-3bc0-47a4-9493-942b5d904b59%22:%91%22header_2_text_color%22%93}&#8220; sticky_enabled=&#8220;0&#8243;]<\/p>\n<h2><a href=\"tel:+385996218803\">+385 99 6218 803<\/a><\/h2>\n<h2><a href=\"tel:+385919896588\">+385 91 9896 588<\/a><\/h2>\n<h2><span style=\"text-decoration: underline;\"><a href=\"mailto:info@jk-bazeni.hr\">info@jk-bazeni.hr<\/a><\/span><\/h2>\n<p>[\/et_pb_text][et_pb_button button_url=&#8220;#kontakt&#8220; button_text=&#8220;Senden Sie uns Ihre Anfrage&#8220; button_alignment=&#8220;center&#8220; _builder_version=&#8220;4.19.5&#8243; _module_preset=&#8220;38128926-c065-44cd-86b6-d1ab8201a54c&#8220; hover_enabled=&#8220;0&#8243; global_colors_info=&#8220;{}&#8220; sticky_enabled=&#8220;0&#8243;][\/et_pb_button][\/et_pb_column][\/et_pb_row][\/et_pb_section][et_pb_section fb_built=&#8220;1&#8243; admin_label=&#8220;About&#8220; _builder_version=&#8220;4.20.0&#8243; _module_preset=&#8220;default&#8220; background_color=&#8220;gcid-36a744c3-3bc0-47a4-9493-942b5d904b59&#8243; collapsed=&#8220;on&#8220; global_colors_info=&#8220;{%22gcid-36a744c3-3bc0-47a4-9493-942b5d904b59%22:%91%22background_color%22%93}&#8220;][et_pb_row column_structure=&#8220;1_2,1_2&#8243; _builder_version=&#8220;4.19.5&#8243; _module_preset=&#8220;default&#8220; max_width=&#8220;80%&#8220; global_colors_info=&#8220;{}&#8220;][et_pb_column type=&#8220;1_2&#8243; _builder_version=&#8220;4.20.0&#8243; _module_preset=&#8220;default&#8220; global_colors_info=&#8220;{}&#8220;][et_pb_text _builder_version=&#8220;4.19.5&#8243; _module_preset=&#8220;ceac866e-b615-4b33-bbac-1e5289712d8c&#8220; header_2_text_color=&#8220;#FFFFFF&#8220; header_2_font_size=&#8220;40px&#8220; hover_enabled=&#8220;0&#8243; global_colors_info=&#8220;{}&#8220; sticky_enabled=&#8220;0&#8243;]<\/p>\n<h2>Nach Erhalt Ihrer Anfrage, sei es per E-Mail oder \u00fcber das Kontaktformular auf unserer Webseite, wird Sie unser Vertriebsmitarbeiter kontaktieren, um die Details f\u00fcr das Erstellen eines Angebots zu besprechen<\/h2>\n<p>[\/et_pb_text][et_pb_button button_url=&#8220;#kontakt&#8220; button_text=&#8220;Kontaktieren Sie uns&#8220; _builder_version=&#8220;4.19.5&#8243; _module_preset=&#8220;cfc10d80-2444-40b7-a1d7-afea8de097b9&#8243; hover_enabled=&#8220;0&#8243; global_colors_info=&#8220;{}&#8220; sticky_enabled=&#8220;0&#8243;][\/et_pb_button][\/et_pb_column][et_pb_column type=&#8220;1_2&#8243; _builder_version=&#8220;4.20.0&#8243; _module_preset=&#8220;default&#8220; global_colors_info=&#8220;{}&#8220;][et_pb_text _builder_version=&#8220;4.19.5&#8243; _module_preset=&#8220;b2544071-db4e-4d78-b840-6261ac772be3&#8243; text_text_color=&#8220;#FFFFFF&#8220; hover_enabled=&#8220;0&#8243; global_colors_info=&#8220;{}&#8220; sticky_enabled=&#8220;0&#8243;]<\/p>\n<p><strong>Personalisierte Unterst\u00fctzung:<\/strong> Wir bieten Ihnen personalisierte Beratung f\u00fcr den Bau eines Pools, der Ihren W\u00fcnschen und Bed\u00fcrfnissen entspricht. Unabh\u00e4ngig von der Konfiguration Ihres Gel\u00e4ndes wird unser Team Ihnen helfen, den idealen Standort f\u00fcr Ihren Pool zu finden.<\/p>\n<p><strong>Verschiedene Optionen:<\/strong> Wir bieten Ihnen die M\u00f6glichkeit, einen ma\u00dfgeschneiderten Pool zu bauen. Unabh\u00e4ngig von der von Ihnen gew\u00e4hlten Montagemethode wird JK &#8211; BAZENI Sie w\u00e4hrend des gesamten Bauprozesses unterst\u00fctzen.<\/p>\n<p><strong>Fachliche Unterst\u00fctzung:<\/strong> Von administrativen Verfahren bis zur Wartung Ihres Pools wird unser Fachteam Ihnen zur Seite stehen. Keine Sorgen, Sie k\u00f6nnen sich darauf konzentrieren, Ihren Traumpool zu genie\u00dfen.<\/p>\n<p><strong>Einfachheit der Konstruktion:<\/strong> Wir haben ein Konzept entwickelt, das die Installation von Pools erleichtert. Dank der M\u00f6glichkeit, Pools in verschiedenen Formen und Gr\u00f6\u00dfen herzustellen, wird die Montage f\u00fcr jedermann zug\u00e4nglich.<\/p>\n<p><strong>Verschiedene Unterst\u00fctzungsoptionen:<\/strong> Wenn Sie zus\u00e4tzliche Unterst\u00fctzung w\u00fcnschen, bieten wir Ihnen verschiedene M\u00f6glichkeiten der Zusammenarbeit mit unseren Experten. Sie k\u00f6nnen die Option \u201eSchl\u00fcsselfertig\u201c w\u00e4hlen, bei der zertifizierte Partner die komplette Montage Ihres Pool-Sets durchf\u00fchren. Letztendlich bedeutet die Wahl von JK \u2013 BAZEN, sich f\u00fcr bew\u00e4hrte Qualit\u00e4t und ma\u00dfgeschneiderte Unterst\u00fctzung w\u00e4hrend des gesamten Bauprozesses zu entscheiden, unabh\u00e4ngig von Ihren Bed\u00fcrfnissen.<\/p>\n<p>[\/et_pb_text][\/et_pb_column][\/et_pb_row][\/et_pb_section]<\/p>\n","protected":false},"excerpt":{"rendered":"<p>Firma JK \u2013 NAUTIKA d.o.o. hat sich durch langj\u00e4hrige Erfahrung in der Herstellung von Polyesterprodukten perfektioniert, die sich durch Design und Funktionalit\u00e4t an die Bed\u00fcrfnisse der Kunden anpassen. Unser Produktionsprogramm ist eng mit dem touristischen Angebot sowohl an der K\u00fcste als auch im Binnenland verbunden. Angesichts eines dynamischen und anspruchsvollen Marktes, der sich st\u00e4ndig ver\u00e4ndert, [&hellip;]<\/p>\n","protected":false},"author":1,"featured_media":0,"parent":0,"menu_order":0,"comment_status":"closed","ping_status":"closed","template":"","meta":{"_et_pb_use_builder":"on","_et_pb_old_content":"","_et_gb_content_width":""},"_links":{"self":[{"href":"https:\/\/jk-bazeni.hr\/de\/wp-json\/wp\/v2\/pages\/30475"}],"collection":[{"href":"https:\/\/jk-bazeni.hr\/de\/wp-json\/wp\/v2\/pages"}],"about":[{"href":"https:\/\/jk-bazeni.hr\/de\/wp-json\/wp\/v2\/types\/page"}],"author":[{"embeddable":true,"href":"https:\/\/jk-bazeni.hr\/de\/wp-json\/wp\/v2\/users\/1"}],"replies":[{"embeddable":true,"href":"https:\/\/jk-bazeni.hr\/de\/wp-json\/wp\/v2\/comments?post=30475"}],"version-history":[{"count":2,"href":"https:\/\/jk-bazeni.hr\/de\/wp-json\/wp\/v2\/pages\/30475\/revisions"}],"predecessor-version":[{"id":30547,"href":"https:\/\/jk-bazeni.hr\/de\/wp-json\/wp\/v2\/pages\/30475\/revisions\/30547"}],"wp:attachment":[{"href":"https:\/\/jk-bazeni.hr\/de\/wp-json\/wp\/v2\/media?parent=30475"}],"curies":[{"name":"wp","href":"https:\/\/api.w.org\/{rel}","templated":true}]}}